{"id":2274,"date":"2024-09-26T18:31:14","date_gmt":"2024-09-26T18:31:14","guid":{"rendered":"https:\/\/uccap.net\/?page_id=2274"},"modified":"2025-03-12T21:49:05","modified_gmt":"2025-03-12T21:49:05","slug":"junta-directiva","status":"publish","type":"page","link":"https:\/\/uccap.net\/?page_id=2274","title":{"rendered":"Junta Directiva"},"content":{"rendered":"<div id=\"pl-2274\"  class=\"panel-layout\" ><div id=\"pg-2274-0\"  class=\"panel-grid panel-has-style\" ><div class=\"siteorigin-panels-stretch panel-row-style panel-row-style-for-2274-0\" data-stretch-type=\"full-stretched\" ><div id=\"pgc-2274-0-0\"  class=\"panel-grid-cell panel-grid-cell-empty\" ><\/div><\/div><\/div><div id=\"pg-2274-1\"  class=\"panel-grid panel-has-style\" ><div class=\"siteorigin-panels-stretch panel-row-style panel-row-style-for-2274-1\" data-stretch-type=\"full-stretched\" ><div id=\"pgc-2274-1-0\"  class=\"panel-grid-cell\" ><div id=\"panel-2274-1-0-0\" class=\"so-panel widget widget_sow-hero panel-first-child panel-last-child\" data-index=\"0\" ><div\n\t\t\t\n\t\t\tclass=\"so-widget-sow-hero so-widget-sow-hero-default-6e283e92799f-2274 so-widget-fittext-wrapper\"\n\t\t\t data-fit-text-compressor=\"0.85\"\n\t\t>\t\t\t\t<div class=\"sow-slider-base\" style=\"display: none\" tabindex=\"0\">\n\t\t\t\t\t<ul\n\t\t\t\t\tclass=\"sow-slider-images\"\n\t\t\t\t\tdata-settings=\"{&quot;pagination&quot;:true,&quot;speed&quot;:800,&quot;timeout&quot;:8000,&quot;paused&quot;:false,&quot;pause_on_hover&quot;:false,&quot;swipe&quot;:true,&quot;nav_always_show_desktop&quot;:&quot;&quot;,&quot;nav_always_show_mobile&quot;:&quot;&quot;,&quot;breakpoint&quot;:&quot;780px&quot;,&quot;unmute&quot;:false,&quot;anchor&quot;:null}\"\n\t\t\t\t\t\t\t\t\t\tdata-anchor-id=\"\"\n\t\t\t\t>\t\t<li class=\"sow-slider-image\" style=\"visibility: visible;;background-color: #333333\" >\n\t\t\t\t\t<div class=\"sow-slider-image-container\">\n\t\t\t<div class=\"sow-slider-image-wrapper\">\n\t\t\t\t<h1 style=\"text-align: center\">Junta Directiva y Direcci\u00f3n Ejecutiva<\/h1>\n\t\t\t<\/div>\n\t\t<\/div>\n\t\t\t\t<\/li>\n\t\t<\/ul>\t\t\t\t<ol class=\"sow-slider-pagination\">\n\t\t\t\t\t\t\t\t\t\t\t<li><a href=\"#\" data-goto=\"0\" aria-label=\"mostrar diapositiva 1\"><\/a><\/li>\n\t\t\t\t\t\t\t\t\t<\/ol>\n\n\t\t\t\t<div class=\"sow-slide-nav sow-slide-nav-next\">\n\t\t\t\t\t<a href=\"#\" data-goto=\"next\" aria-label=\"diapositiva siguiente\" data-action=\"next\">\n\t\t\t\t\t\t<em class=\"sow-sld-icon-thin-right\"><\/em>\n\t\t\t\t\t<\/a>\n\t\t\t\t<\/div>\n\n\t\t\t\t<div class=\"sow-slide-nav sow-slide-nav-prev\">\n\t\t\t\t\t<a href=\"#\" data-goto=\"previous\" aria-label=\"diapositiva anterior\" data-action=\"prev\">\n\t\t\t\t\t\t<em class=\"sow-sld-icon-thin-left\"><\/em>\n\t\t\t\t\t<\/a>\n\t\t\t\t<\/div>\n\t\t\t\t<\/div><\/div><\/div><\/div><\/div><\/div><div id=\"pg-2274-2\"  class=\"panel-grid panel-has-style\" ><div class=\"siteorigin-panels-stretch panel-row-style panel-row-style-for-2274-2\" data-stretch-type=\"full\" ><div id=\"pgc-2274-2-0\"  class=\"panel-grid-cell\" ><div id=\"panel-2274-2-0-0\" class=\"so-panel widget widget_sow-editor panel-first-child\" data-index=\"1\" ><div class=\"panel-widget-style panel-widget-style-for-2274-2-0-0\" ><div\n\t\t\t\n\t\t\tclass=\"so-widget-sow-editor so-widget-sow-editor-base\"\n\t\t\t\n\t\t>\n<div class=\"siteorigin-widget-tinymce textwidget\">\n\t<p><strong>Junta Directiva<\/strong><\/p>\n<p><span style=\"font-weight: 400;\">Cuando la Asamblea General no sesiona, la Junta Directiva es la autoridad m\u00e1xima de la UCCAP y est\u00e1 conformada por representantes de cada una de las organizaciones psicol\u00f3gicas, este representante puede ser el presidente u otro de los dos asamble\u00edstas, que cuenta con el apoyo total de la junta directiva de la organizaci\u00f3n nacional.<\/span><\/p>\n<p><span style=\"font-weight: 400;\">La presidencia de la junta directiva y dem\u00e1s cargos, no son electos por votaci\u00f3n, sino mediante un sistema de rotaci\u00f3n, donde cada pa\u00eds tendr\u00e1 la presidencia de la UCCAP, una vez cada cinco a\u00f1os.<\/span><\/p>\n<p><strong>Direcci\u00f3n Ejecutiva<\/strong><\/p>\n<p>La direcci\u00f3n ejecutiva es el \u00fanico puesto elegido por la asamblea general de UCCAP, y cumple con un periodo de 3 a\u00f1os, reelegibles por los per\u00edodos que la asamblea estime oportuno.<\/p>\n<p>Posee entre sus funciones gerenciar los programas, proyectos y oficinas de la federaci\u00f3n centroamericana. Para lograr un desempe\u00f1o \u00f3ptimo tiene la facultad de crear estructuras administrativas, asesoras, t\u00e9cnicas y de representaci\u00f3n.<\/p>\n<p>Al momento se ha creado una estructura t\u00e9cnica, la Comisi\u00f3n Regional de Comunicaci\u00f3n.<\/p>\n<\/div>\n<\/div><\/div><\/div><div id=\"panel-2274-2-0-1\" class=\"widget_text so-panel widget widget_custom_html panel-last-child\" data-index=\"2\" ><div class=\"textwidget custom-html-widget\"><div class=\"container\">\n\t\n\t  <!-- Tarjeta 1 -->\n  <div class=\"card\">\n    <img decoding=\"async\" src=\"https:\/\/uccap.net\/wp-content\/uploads\/2025\/03\/Roberto__Ordonez.png\" alt=\"Imagen 2\">\n    <div class=\"card-content\">\n      <h2 class=\"card-title\">Lic. Roberto Ord\u00f3\u00f1ez G<\/h2>\n      <p class=\"card-description\" style=\"text-align:center;\">UCCAP<\/p>\n      <a href=\"#\" class=\"card-button\">Director Ejecutivo<\/a>\n    <\/div>\n  <\/div>\n\t\n  <!-- Tarjeta 2 -->\n  <div class=\"card\">\n    <img decoding=\"async\" src=\"https:\/\/uccap.net\/wp-content\/uploads\/2025\/03\/Augusto-Aguilar.jpeg\" alt=\"Imagen 1\">\n    <div class=\"card-content\">\n      <h2 class=\"card-title\">Dr. Augusto Aguilar<\/h2>\n      <p class=\"card-description\" style=\"text-align:center;\">Honduras<\/p>\n      <a href=\"#\" class=\"card-button\">Presidencia<\/a>\n    <\/div>\n  <\/div>\n\n\t <!-- Tarjeta 3 -->\n  <div class=\"card\">\n    <img decoding=\"async\" src=\"https:\/\/uccap.net\/wp-content\/uploads\/2025\/03\/Ana-Florez.jpg\" alt=\"Imagen 7\">\n    <div class=\"card-content\">\n      <h2 class=\"card-title\">Mgr. Ana Florez<\/h2>\n      <p class=\"card-description\" style=\"text-align:center;\">Panam\u00e1<\/p>\n      <a href=\"#\" class=\"card-button\">Vicepresidencia<\/a>\n    <\/div>\n  <\/div>\n\t\n <!-- Tarjeta 4 -->\n  <div class=\"card\">\n    <img decoding=\"async\" src=\"http:\/\/uccap.net\/wp-content\/uploads\/2025\/03\/Diego-Palacios.jpg\" alt=\"Imagen 4\">\n    <div class=\"card-content\">\n      <h2 class=\"card-title\">Dr. Diego Palacios<\/h2>\n      <p class=\"card-description\" style=\"text-align:center;\">Guatemala<\/p>\n      <a href=\"#\" class=\"card-button\">Tesorero<\/a>\n    <\/div>\n  <\/div>\t\n\t\n\n  <!-- Tarjeta 5 -->\n  <div class=\"card\">\n    <img decoding=\"async\" src=\"https:\/\/uccap.net\/wp-content\/uploads\/2025\/03\/Laura-Bogantes.jpg\" alt=\"Imagen 3\">\n    <div class=\"card-content\">\n      <h2 class=\"card-title\">Dra. Laura Bogantes<\/h2>\n      <p class=\"card-description\" style=\"text-align:center;\">Costa Rica<\/p>\n      <a href=\"#\" class=\"card-button\">Secretaria<\/a>\n    <\/div>\n  <\/div>\n\n \n\n  <!-- Tarjeta 6 -->\n  <div class=\"card\">\n    <img decoding=\"async\" src=\"https:\/\/uccap.net\/wp-content\/uploads\/2025\/03\/Nery-Sorto1.jpg\" alt=\"Imagen 5\">\n    <div class=\"card-content\">\n      <h2 class=\"card-title\">Msc. Nery Sorto<\/h2>\n      <p class=\"card-description\" style=\"text-align:center;\">El Salvador<\/p>\n      <a href=\"#\" class=\"card-button\">Vocal I<\/a>\n    <\/div>\n  <\/div>\n\n  <!-- Tarjeta 7 -->\n  <div class=\"card\">\n    <img decoding=\"async\" src=\"http:\/\/uccap.net\/wp-content\/uploads\/2025\/03\/Dervin-Guevara.jpg\" alt=\"Imagen 6\">\n    <div class=\"card-content\">\n      <h2 class=\"card-title\">Msc. Dervin Guevara<\/h2>\n      <p class=\"card-description\" style=\"text-align:center;\"><\/p>\n      <a href=\"#\" class=\"card-button\">Representante de Nicaragua<\/a>\n    <\/div>\n  <\/div>\n\n \n<\/div>\n\n<style>\n  * {\n    box-sizing: border-box;\n    margin: 0;\n    padding: 0;\n  }\n\n  .container {\n    display: flex;\n    flex-wrap: wrap;\n    justify-content: center;\n    gap: 20px;\n    padding: 20px;\n  }\n\n  .card {\n    width: 100%;\n    max-width: 250px;\n    display: flex;\n    flex-direction: column;\n    border-radius: 8px;\n    box-shadow: 0 4px 8px rgba(0, 0, 0, 0.2);\n    overflow: hidden;\n    text-align: center;\n    background-color: #ffffff;\n    transition: transform 0.2s;\n  }\n\n  .card:hover {\n    transform: scale(1.05);\n  }\n\n  .card img {\n    width: 100%;\n    transition: 0.3s ease-in-out;\n  }\n\n  .card img:hover {\n    transform: scale(1.1);\n    filter: brightness(0.7);\n  }\n\n  .card-content {\n    padding: 15px;\n    display: flex;\n    flex-direction: column;\n    flex-grow: 1;\n  }\n\n  .card-title {\n    font-size: 1.2em;\n    font-weight: bold;\n    margin-bottom: 10px;\n  }\n\n  .card-description {\n    font-size: 0.9em;\n    margin-bottom: 15px;\n    color: #555;\n    flex-grow: 1;\n  }\n\n  .card-button {\n    display: block;\n    width: 100%;\n    padding: 10px;\n    background-color: #003366;\n    color: white !important;\n    text-decoration: none;\n    font-size: 1em;\n    font-weight: bold;\n    border: none;\n    cursor: pointer;\n    transition: background-color 0.3s;\n    margin-top: auto;\n\t\toutline: none;\n  }\n\n  \/* Cambiar color del bot\u00f3n y texto al pasar el mouse sobre el card *\/\n  .card:hover .card-button {\n\n\t\tbackground-color: #38c6f4;\n\t\tcolor: white !important;\n\n  }\n\n  \/* Dise\u00f1o para dispositivos m\u00f3viles *\/\n  @media (max-width: 768px) {\n    .card {\n      max-width: 100%;\n    }\n  }\n<\/style>\n<\/div><\/div><\/div><\/div><\/div><\/div>","protected":false},"excerpt":{"rendered":"<p>Junta Directiva y Direcci\u00f3n Ejecutiva Junta Directiva Cuando la Asamblea General no sesiona, la Junta Directiva es la autoridad m\u00e1xima de la UCCAP y est\u00e1 conformada por representantes de cada una de las organizaciones psicol\u00f3gicas, este representante puede ser el presidente u otro de los dos asamble\u00edstas, que cuenta con el apoyo total de la [&hellip;]<\/p>\n","protected":false},"author":2,"featured_media":0,"parent":0,"menu_order":0,"comment_status":"closed","ping_status":"closed","template":"","meta":{"footnotes":""},"acf":[],"_links":{"self":[{"href":"https:\/\/uccap.net\/index.php?rest_route=\/wp\/v2\/pages\/2274"}],"collection":[{"href":"https:\/\/uccap.net\/index.php?rest_route=\/wp\/v2\/pages"}],"about":[{"href":"https:\/\/uccap.net\/index.php?rest_route=\/wp\/v2\/types\/page"}],"author":[{"embeddable":true,"href":"https:\/\/uccap.net\/index.php?rest_route=\/wp\/v2\/users\/2"}],"replies":[{"embeddable":true,"href":"https:\/\/uccap.net\/index.php?rest_route=%2Fwp%2Fv2%2Fcomments&post=2274"}],"version-history":[{"count":60,"href":"https:\/\/uccap.net\/index.php?rest_route=\/wp\/v2\/pages\/2274\/revisions"}],"predecessor-version":[{"id":3579,"href":"https:\/\/uccap.net\/index.php?rest_route=\/wp\/v2\/pages\/2274\/revisions\/3579"}],"wp:attachment":[{"href":"https:\/\/uccap.net\/index.php?rest_route=%2Fwp%2Fv2%2Fmedia&parent=2274"}],"curies":[{"name":"wp","href":"https:\/\/api.w.org\/{rel}","templated":true}]}}