{"id":234,"date":"2021-04-23T22:39:59","date_gmt":"2021-04-23T22:39:59","guid":{"rendered":"https:\/\/uccap.net\/?page_id=234"},"modified":"2023-08-23T18:39:21","modified_gmt":"2023-08-23T18:39:21","slug":"enterate","status":"publish","type":"page","link":"https:\/\/uccap.net\/?page_id=234","title":{"rendered":"Enterate"},"content":{"rendered":"<div id=\"pl-234\"  class=\"panel-layout\" ><div id=\"pg-234-0\"  class=\"panel-grid panel-has-style\" ><div class=\"siteorigin-panels-stretch panel-row-style panel-row-style-for-234-0\" data-stretch-type=\"full-stretched\" ><div id=\"pgc-234-0-0\"  class=\"panel-grid-cell\" ><div id=\"panel-234-0-0-0\" class=\"so-panel widget panel-first-child panel-last-child\" data-index=\"0\" ><\/div><\/div><\/div><\/div><div id=\"pg-234-1\"  class=\"panel-grid panel-has-style\" ><div class=\"siteorigin-panels-stretch panel-row-style panel-row-style-for-234-1\" data-stretch-type=\"full-stretched\" ><div id=\"pgc-234-1-0\"  class=\"panel-grid-cell\" ><div id=\"panel-234-1-0-0\" class=\"so-panel widget widget_sow-hero panel-first-child panel-last-child\" data-index=\"1\" ><div\n\t\t\t\n\t\t\tclass=\"so-widget-sow-hero so-widget-sow-hero-default-6e283e92799f-234 so-widget-fittext-wrapper\"\n\t\t\t data-fit-text-compressor=\"0.85\"\n\t\t>\t\t\t\t<div class=\"sow-slider-base\" style=\"display: none\" tabindex=\"0\">\n\t\t\t\t\t<ul\n\t\t\t\t\tclass=\"sow-slider-images\"\n\t\t\t\t\tdata-settings=\"{&quot;pagination&quot;:true,&quot;speed&quot;:800,&quot;timeout&quot;:8000,&quot;paused&quot;:false,&quot;pause_on_hover&quot;:false,&quot;swipe&quot;:true,&quot;nav_always_show_desktop&quot;:&quot;&quot;,&quot;nav_always_show_mobile&quot;:&quot;&quot;,&quot;breakpoint&quot;:&quot;780px&quot;,&quot;unmute&quot;:false,&quot;anchor&quot;:null}\"\n\t\t\t\t\t\t\t\t\t\tdata-anchor-id=\"\"\n\t\t\t\t>\t\t<li class=\"sow-slider-image\" style=\"visibility: visible;;background-color: #333333\" >\n\t\t\t\t\t<div class=\"sow-slider-image-container\">\n\t\t\t<div class=\"sow-slider-image-wrapper\">\n\t\t\t\t<h1 style=\"text-align: center\">Enterate<\/h1>\n\t\t\t<\/div>\n\t\t<\/div>\n\t\t\t\t<\/li>\n\t\t<\/ul>\t\t\t\t<ol class=\"sow-slider-pagination\">\n\t\t\t\t\t\t\t\t\t\t\t<li><a href=\"#\" data-goto=\"0\" aria-label=\"mostrar diapositiva 1\"><\/a><\/li>\n\t\t\t\t\t\t\t\t\t<\/ol>\n\n\t\t\t\t<div class=\"sow-slide-nav sow-slide-nav-next\">\n\t\t\t\t\t<a href=\"#\" data-goto=\"next\" aria-label=\"diapositiva siguiente\" data-action=\"next\">\n\t\t\t\t\t\t<em class=\"sow-sld-icon-thin-right\"><\/em>\n\t\t\t\t\t<\/a>\n\t\t\t\t<\/div>\n\n\t\t\t\t<div class=\"sow-slide-nav sow-slide-nav-prev\">\n\t\t\t\t\t<a href=\"#\" data-goto=\"previous\" aria-label=\"diapositiva anterior\" data-action=\"prev\">\n\t\t\t\t\t\t<em class=\"sow-sld-icon-thin-left\"><\/em>\n\t\t\t\t\t<\/a>\n\t\t\t\t<\/div>\n\t\t\t\t<\/div><\/div><\/div><\/div><\/div><\/div><div id=\"pg-234-2\"  class=\"panel-grid panel-has-style\" ><div class=\"siteorigin-panels-stretch panel-row-style panel-row-style-for-234-2\" id=\"enterate\" data-stretch-type=\"full\" ><div id=\"pgc-234-2-0\"  class=\"panel-grid-cell\" ><div id=\"panel-234-2-0-0\" class=\"so-panel widget widget_sow-editor panel-first-child panel-last-child\" data-index=\"2\" ><div class=\"panel-widget-style panel-widget-style-for-234-2-0-0\" ><div\n\t\t\t\n\t\t\tclass=\"so-widget-sow-editor so-widget-sow-editor-base\"\n\t\t\t\n\t\t>\n<div class=\"siteorigin-widget-tinymce textwidget\">\n\t<p align=\"justify\">Por primera vez las seis principales organizaciones que representan la psicolog\u00eda en cada pa\u00eds centroamericano, se unen para realizar una jornada acad\u00e9mica, que pondr\u00e1 en debate temas actuales y de inter\u00e9s para el ejercicio profesional en la regi\u00f3n.<\/p>\n<p align=\"justify\">La actividad es impulsada por los Colegios de Psic\u00f3logos de Honduras, Guatemala y Costa Rica; y las Asociaciones de Psicolog\u00eda de Nicaragua, El Salvador y Panam\u00e1.<\/p>\n<p align=\"justify\">Celebr\u00e1ndose en Tegucigalpa, Honduras; siendo la sede f\u00edsica, las instalaciones de la Universidad Tecnol\u00f3gica Centroamericana - UNITEC. As\u00ed mismo se contar\u00e1 con plataformas virtuales a la disposici\u00f3n de quienes no pueden movilizarse hasta este bello destino centroamericano.<\/p>\n<p align=\"justify\">Los principales objetivos del 1er Congreso, son:<\/p>\n<ul>\n<li>Conocer los aportes acad\u00e9micos y cient\u00edficos en Centroam\u00e9rica, que permiten responder a las poblaciones de cada pa\u00eds frente a una mayor y m\u00e1s compleja condici\u00f3n de vulnerabilidad, da\u00f1o psicosocial y de salud mental.<\/li>\n<li>Visibilizar estrategias, t\u00e9cnicas y herramientas \u00fatiles para la intervenci\u00f3n psicol\u00f3gica acordes al contexto centroamericano.<\/li>\n<li>Propiciar espacios para el di\u00e1logo y la discusi\u00f3n de alto nivel sobre temas de inter\u00e9s intersectorial, intercultural, de derechos humanos, g\u00e9nero y determinaci\u00f3n social.<\/li>\n<li>Reflexionar sobre los caminos adecuados para iniciar un proceso que fortalezca la integraci\u00f3n regional en temas de competencias en salud mental, alineada con est\u00e1ndares internacionales de psicolog\u00eda y salud mental.<\/li>\n<\/ul>\n<\/div>\n<\/div><\/div><\/div><\/div><\/div><\/div><\/div>","protected":false},"excerpt":{"rendered":"<p>Enterate Por primera vez las seis principales organizaciones que representan la psicolog\u00eda en cada pa\u00eds centroamericano, se unen para realizar una jornada acad\u00e9mica, que pondr\u00e1 en debate temas actuales y de inter\u00e9s para el ejercicio profesional en la regi\u00f3n. La actividad es impulsada por los Colegios de Psic\u00f3logos de Honduras, Guatemala y Costa Rica; y [&hellip;]<\/p>\n","protected":false},"author":1,"featured_media":0,"parent":0,"menu_order":0,"comment_status":"closed","ping_status":"closed","template":"","meta":{"footnotes":""},"acf":[],"_links":{"self":[{"href":"https:\/\/uccap.net\/index.php?rest_route=\/wp\/v2\/pages\/234"}],"collection":[{"href":"https:\/\/uccap.net\/index.php?rest_route=\/wp\/v2\/pages"}],"about":[{"href":"https:\/\/uccap.net\/index.php?rest_route=\/wp\/v2\/types\/page"}],"author":[{"embeddable":true,"href":"https:\/\/uccap.net\/index.php?rest_route=\/wp\/v2\/users\/1"}],"replies":[{"embeddable":true,"href":"https:\/\/uccap.net\/index.php?rest_route=%2Fwp%2Fv2%2Fcomments&post=234"}],"version-history":[{"count":15,"href":"https:\/\/uccap.net\/index.php?rest_route=\/wp\/v2\/pages\/234\/revisions"}],"predecessor-version":[{"id":930,"href":"https:\/\/uccap.net\/index.php?rest_route=\/wp\/v2\/pages\/234\/revisions\/930"}],"wp:attachment":[{"href":"https:\/\/uccap.net\/index.php?rest_route=%2Fwp%2Fv2%2Fmedia&parent=234"}],"curies":[{"name":"wp","href":"https:\/\/api.w.org\/{rel}","templated":true}]}}