{"id":2425,"date":"2024-10-28T17:26:36","date_gmt":"2024-10-28T17:26:36","guid":{"rendered":"https:\/\/uccap.net\/?page_id=2425"},"modified":"2024-10-28T17:26:36","modified_gmt":"2024-10-28T17:26:36","slug":"ejercicio-de-la-psicologia-en-costa-rica-profesionales-extranjeros","status":"publish","type":"page","link":"https:\/\/uccap.net\/?page_id=2425","title":{"rendered":"Ejercicio de la psicolog\u00eda en Costa Rica: profesionales extranjeros"},"content":{"rendered":"<div id=\"pl-2425\"  class=\"panel-layout\" ><div id=\"pg-2425-0\"  class=\"panel-grid panel-has-style\" ><div class=\"siteorigin-panels-stretch panel-row-style panel-row-style-for-2425-0\" data-stretch-type=\"full-stretched\" ><div id=\"pgc-2425-0-0\"  class=\"panel-grid-cell panel-grid-cell-empty\" ><\/div><\/div><\/div><div id=\"pg-2425-1\"  class=\"panel-grid panel-has-style\" ><div class=\"siteorigin-panels-stretch panel-row-style panel-row-style-for-2425-1\" data-stretch-type=\"full-stretched\" ><div id=\"pgc-2425-1-0\"  class=\"panel-grid-cell\" ><div id=\"panel-2425-1-0-0\" class=\"so-panel widget widget_sow-hero panel-first-child panel-last-child\" data-index=\"0\" ><div\n\t\t\t\n\t\t\tclass=\"so-widget-sow-hero so-widget-sow-hero-default-6e283e92799f-2425 so-widget-fittext-wrapper\"\n\t\t\t data-fit-text-compressor=\"0.85\"\n\t\t>\t\t\t\t<div class=\"sow-slider-base\" style=\"display: none\" tabindex=\"0\">\n\t\t\t\t\t<ul\n\t\t\t\t\tclass=\"sow-slider-images\"\n\t\t\t\t\tdata-settings=\"{&quot;pagination&quot;:true,&quot;speed&quot;:800,&quot;timeout&quot;:8000,&quot;paused&quot;:false,&quot;pause_on_hover&quot;:false,&quot;swipe&quot;:true,&quot;nav_always_show_desktop&quot;:&quot;&quot;,&quot;nav_always_show_mobile&quot;:&quot;&quot;,&quot;breakpoint&quot;:&quot;780px&quot;,&quot;unmute&quot;:false,&quot;anchor&quot;:null}\"\n\t\t\t\t\t\t\t\t\t\tdata-anchor-id=\"\"\n\t\t\t\t>\t\t<li class=\"sow-slider-image\" style=\"visibility: visible;;background-color: #333333\" >\n\t\t\t\t\t<div class=\"sow-slider-image-container\">\n\t\t\t<div class=\"sow-slider-image-wrapper\">\n\t\t\t\t<h1 style=\"text-align: center\">Ejercicio de la psicolog\u00eda en Costa Rica: profesionales extranjeros<\/h1>\n\t\t\t<\/div>\n\t\t<\/div>\n\t\t\t\t<\/li>\n\t\t<\/ul>\t\t\t\t<ol class=\"sow-slider-pagination\">\n\t\t\t\t\t\t\t\t\t\t\t<li><a href=\"#\" data-goto=\"0\" aria-label=\"mostrar diapositiva 1\"><\/a><\/li>\n\t\t\t\t\t\t\t\t\t<\/ol>\n\n\t\t\t\t<div class=\"sow-slide-nav sow-slide-nav-next\">\n\t\t\t\t\t<a href=\"#\" data-goto=\"next\" aria-label=\"diapositiva siguiente\" data-action=\"next\">\n\t\t\t\t\t\t<em class=\"sow-sld-icon-thin-right\"><\/em>\n\t\t\t\t\t<\/a>\n\t\t\t\t<\/div>\n\n\t\t\t\t<div class=\"sow-slide-nav sow-slide-nav-prev\">\n\t\t\t\t\t<a href=\"#\" data-goto=\"previous\" aria-label=\"diapositiva anterior\" data-action=\"prev\">\n\t\t\t\t\t\t<em class=\"sow-sld-icon-thin-left\"><\/em>\n\t\t\t\t\t<\/a>\n\t\t\t\t<\/div>\n\t\t\t\t<\/div><\/div><\/div><\/div><\/div><\/div><div id=\"pg-2425-2\"  class=\"panel-grid panel-has-style\" ><div class=\"siteorigin-panels-stretch panel-row-style panel-row-style-for-2425-2\" data-stretch-type=\"full\" ><div id=\"pgc-2425-2-0\"  class=\"panel-grid-cell\" ><div id=\"panel-2425-2-0-0\" class=\"so-panel widget widget_sow-editor panel-first-child panel-last-child\" data-index=\"1\" ><div class=\"panel-widget-style panel-widget-style-for-2425-2-0-0\" ><div\n\t\t\t\n\t\t\tclass=\"so-widget-sow-editor so-widget-sow-editor-base\"\n\t\t\t\n\t\t>\n<div class=\"siteorigin-widget-tinymce textwidget\">\n\t<p><span style=\"font-weight: 400;\">Proceso de equiparaci\u00f3n de t\u00edtulos extranjeros para ejercicio de la psicolog\u00eda en Costa Rica<\/span><\/p>\n<p><span style=\"font-weight: 400;\">Paso 1: Realizar el procedimiento establecido por la Oficina de Reconocimiento y Equiparaci\u00f3n (ORE) del Consejo Nacional de Rectores (CONARE) El tr\u00e1mite como requisitor, puede consultarlos en el siguiente enlace: <\/span><a href=\"https:\/\/ore.conare.ac.cr\/xhtml\/paginas\/info\/instrucciones.xhtml\"><span style=\"font-weight: 400;\">https:\/\/ore.conare.ac.cr\/xhtml\/paginas\/info\/instrucciones.xhtml<\/span><\/a><\/p>\n<p><span style=\"font-weight: 400;\">Una vez se cuente con la validaci\u00f3n del t\u00edtulo, deber\u00e1 realizar el tr\u00e1mite de incorporaci\u00f3n al Colegio de Profesionales en Psicolog\u00eda de Costa Rica, el cual puede consultar en el siguiente enlace: <\/span><a href=\"https:\/\/portal.psicologiacr.com\/IncorporationProcessRequest\/CreateWithApplicationManual\"><span style=\"font-weight: 400;\">https:\/\/portal.psicologiacr.com\/IncorporationProcessRequest\/CreateWithApplicationManual<\/span><\/a><\/p>\n<\/div>\n<\/div><\/div><\/div><\/div><\/div><\/div><\/div>","protected":false},"excerpt":{"rendered":"<p>Ejercicio de la psicolog\u00eda en Costa Rica: profesionales extranjeros Proceso de equiparaci\u00f3n de t\u00edtulos extranjeros para ejercicio de la psicolog\u00eda en Costa Rica Paso 1: Realizar el procedimiento establecido por la Oficina de Reconocimiento y Equiparaci\u00f3n (ORE) del Consejo Nacional de Rectores (CONARE) El tr\u00e1mite como requisitor, puede consultarlos en el siguiente enlace: https:\/\/ore.conare.ac.cr\/xhtml\/paginas\/info\/instrucciones.xhtml Una [&hellip;]<\/p>\n","protected":false},"author":2,"featured_media":0,"parent":0,"menu_order":0,"comment_status":"closed","ping_status":"closed","template":"","meta":{"footnotes":""},"acf":[],"_links":{"self":[{"href":"https:\/\/uccap.net\/index.php?rest_route=\/wp\/v2\/pages\/2425"}],"collection":[{"href":"https:\/\/uccap.net\/index.php?rest_route=\/wp\/v2\/pages"}],"about":[{"href":"https:\/\/uccap.net\/index.php?rest_route=\/wp\/v2\/types\/page"}],"author":[{"embeddable":true,"href":"https:\/\/uccap.net\/index.php?rest_route=\/wp\/v2\/users\/2"}],"replies":[{"embeddable":true,"href":"https:\/\/uccap.net\/index.php?rest_route=%2Fwp%2Fv2%2Fcomments&post=2425"}],"version-history":[{"count":1,"href":"https:\/\/uccap.net\/index.php?rest_route=\/wp\/v2\/pages\/2425\/revisions"}],"predecessor-version":[{"id":2426,"href":"https:\/\/uccap.net\/index.php?rest_route=\/wp\/v2\/pages\/2425\/revisions\/2426"}],"wp:attachment":[{"href":"https:\/\/uccap.net\/index.php?rest_route=%2Fwp%2Fv2%2Fmedia&parent=2425"}],"curies":[{"name":"wp","href":"https:\/\/api.w.org\/{rel}","templated":true}]}}