{"id":2427,"date":"2024-10-28T17:31:07","date_gmt":"2024-10-28T17:31:07","guid":{"rendered":"https:\/\/uccap.net\/?page_id=2427"},"modified":"2024-10-30T14:06:23","modified_gmt":"2024-10-30T14:06:23","slug":"proceso-para-ejercer-profesion-en-los-paises-de-la-region-guatemala","status":"publish","type":"page","link":"https:\/\/uccap.net\/?page_id=2427","title":{"rendered":"Proceso para ejercer profesi\u00f3n en los pa\u00edses de la Regi\u00f3n &#8211; Guatemala"},"content":{"rendered":"<div id=\"pl-2427\"  class=\"panel-layout\" ><div id=\"pg-2427-0\"  class=\"panel-grid panel-has-style\" ><div class=\"siteorigin-panels-stretch panel-row-style panel-row-style-for-2427-0\" data-stretch-type=\"full-stretched\" ><div id=\"pgc-2427-0-0\"  class=\"panel-grid-cell\" ><div id=\"panel-2427-0-0-0\" class=\"so-panel widget widget_sow-hero panel-first-child panel-last-child\" data-index=\"0\" ><div\n\t\t\t\n\t\t\tclass=\"so-widget-sow-hero so-widget-sow-hero-default-6e283e92799f-2427 so-widget-fittext-wrapper\"\n\t\t\t data-fit-text-compressor=\"0.85\"\n\t\t>\t\t\t\t<div class=\"sow-slider-base\" style=\"display: none\" tabindex=\"0\">\n\t\t\t\t\t<ul\n\t\t\t\t\tclass=\"sow-slider-images\"\n\t\t\t\t\tdata-settings=\"{&quot;pagination&quot;:true,&quot;speed&quot;:800,&quot;timeout&quot;:8000,&quot;paused&quot;:false,&quot;pause_on_hover&quot;:false,&quot;swipe&quot;:true,&quot;nav_always_show_desktop&quot;:&quot;&quot;,&quot;nav_always_show_mobile&quot;:&quot;&quot;,&quot;breakpoint&quot;:&quot;780px&quot;,&quot;unmute&quot;:false,&quot;anchor&quot;:null}\"\n\t\t\t\t\t\t\t\t\t\tdata-anchor-id=\"\"\n\t\t\t\t>\t\t<li class=\"sow-slider-image\" style=\"visibility: visible;;background-color: #333333\" >\n\t\t\t\t\t<div class=\"sow-slider-image-container\">\n\t\t\t<div class=\"sow-slider-image-wrapper\">\n\t\t\t\t<h1 style=\"text-align: center\">Ejercicio de la psicolog\u00eda en Guatemala<\/h1>\n\t\t\t<\/div>\n\t\t<\/div>\n\t\t\t\t<\/li>\n\t\t<\/ul>\t\t\t\t<ol class=\"sow-slider-pagination\">\n\t\t\t\t\t\t\t\t\t\t\t<li><a href=\"#\" data-goto=\"0\" aria-label=\"mostrar diapositiva 1\"><\/a><\/li>\n\t\t\t\t\t\t\t\t\t<\/ol>\n\n\t\t\t\t<div class=\"sow-slide-nav sow-slide-nav-next\">\n\t\t\t\t\t<a href=\"#\" data-goto=\"next\" aria-label=\"diapositiva siguiente\" data-action=\"next\">\n\t\t\t\t\t\t<em class=\"sow-sld-icon-thin-right\"><\/em>\n\t\t\t\t\t<\/a>\n\t\t\t\t<\/div>\n\n\t\t\t\t<div class=\"sow-slide-nav sow-slide-nav-prev\">\n\t\t\t\t\t<a href=\"#\" data-goto=\"previous\" aria-label=\"diapositiva anterior\" data-action=\"prev\">\n\t\t\t\t\t\t<em class=\"sow-sld-icon-thin-left\"><\/em>\n\t\t\t\t\t<\/a>\n\t\t\t\t<\/div>\n\t\t\t\t<\/div><\/div><\/div><\/div><\/div><\/div><div id=\"pg-2427-1\"  class=\"panel-grid panel-has-style\" ><div class=\"siteorigin-panels-stretch panel-row-style panel-row-style-for-2427-1\" data-stretch-type=\"full\" ><div id=\"pgc-2427-1-0\"  class=\"panel-grid-cell\" ><div id=\"panel-2427-1-0-0\" class=\"so-panel widget widget_sow-editor panel-first-child panel-last-child\" data-index=\"1\" ><div class=\"panel-widget-style panel-widget-style-for-2427-1-0-0\" ><div\n\t\t\t\n\t\t\tclass=\"so-widget-sow-editor so-widget-sow-editor-base\"\n\t\t\t\n\t\t>\n<div class=\"siteorigin-widget-tinymce textwidget\">\n\t<p><b>Enlaces:\u00a0<\/b><\/p>\n<p><span style=\"font-weight: 400;\">Procesos para ejercer:\u00a0<\/span><\/p>\n<p><a href=\"https:\/\/www.colegiodepsicologos.org.gt\/wp-content\/uploads\/2020\/08\/DECRETO-DEL-CONGRESO-72-2001.pdf\"><span style=\"font-weight: 400;\">https:\/\/www.colegiodepsicologos.org.gt\/wp-content\/uploads\/2020\/08\/DECRETO-DEL-CONGRESO-72-2001.pdf<\/span><\/a><span style=\"font-weight: 400;\">\u00a0<\/span><\/p>\n<p><span style=\"font-weight: 400;\">Inscripci\u00f3n:\u00a0<\/span><\/p>\n<p><a href=\"https:\/\/www.colegiodepsicologos.org.gt\/inscripciones\/\"><span style=\"font-weight: 400;\">https:\/\/www.colegiodepsicologos.org.gt\/inscripciones\/<\/span><\/a><\/p>\n<p><span style=\"font-weight: 400;\">\u00a0\u00a0<\/span><\/p>\n<p>&nbsp;<\/p>\n<\/div>\n<\/div><\/div><\/div><\/div><\/div><\/div><\/div>","protected":false},"excerpt":{"rendered":"<p>Enlaces:\u00a0 Procesos para ejercer:\u00a0 https:\/\/www.colegiodepsicologos.org.gt\/wp-content\/uploads\/2020\/08\/DECRETO-DEL-CONGRESO-72-2001.pdf\u00a0 Inscripci\u00f3n:\u00a0 https:\/\/www.colegiodepsicologos.org.gt\/inscripciones\/ \u00a0\u00a0 &nbsp;<\/p>\n","protected":false},"author":2,"featured_media":0,"parent":0,"menu_order":0,"comment_status":"closed","ping_status":"closed","template":"","meta":{"footnotes":""},"acf":[],"_links":{"self":[{"href":"https:\/\/uccap.net\/index.php?rest_route=\/wp\/v2\/pages\/2427"}],"collection":[{"href":"https:\/\/uccap.net\/index.php?rest_route=\/wp\/v2\/pages"}],"about":[{"href":"https:\/\/uccap.net\/index.php?rest_route=\/wp\/v2\/types\/page"}],"author":[{"embeddable":true,"href":"https:\/\/uccap.net\/index.php?rest_route=\/wp\/v2\/users\/2"}],"replies":[{"embeddable":true,"href":"https:\/\/uccap.net\/index.php?rest_route=%2Fwp%2Fv2%2Fcomments&post=2427"}],"version-history":[{"count":3,"href":"https:\/\/uccap.net\/index.php?rest_route=\/wp\/v2\/pages\/2427\/revisions"}],"predecessor-version":[{"id":2430,"href":"https:\/\/uccap.net\/index.php?rest_route=\/wp\/v2\/pages\/2427\/revisions\/2430"}],"wp:attachment":[{"href":"https:\/\/uccap.net\/index.php?rest_route=%2Fwp%2Fv2%2Fmedia&parent=2427"}],"curies":[{"name":"wp","href":"https:\/\/api.w.org\/{rel}","templated":true}]}}