{"id":248,"date":"2021-04-23T22:51:16","date_gmt":"2021-04-23T22:51:16","guid":{"rendered":"https:\/\/uccap.net\/?page_id=248"},"modified":"2025-10-01T15:56:19","modified_gmt":"2025-10-01T15:56:19","slug":"costos-y-formas-de-pago","status":"publish","type":"page","link":"https:\/\/uccap.net\/?page_id=248","title":{"rendered":"Inscripciones"},"content":{"rendered":"<div id=\"pl-248\"  class=\"panel-layout\" ><div id=\"pg-248-0\"  class=\"panel-grid panel-has-style\" ><div class=\"siteorigin-panels-stretch panel-row-style panel-row-style-for-248-0\" data-stretch-type=\"full-stretched\" ><div id=\"pgc-248-0-0\"  class=\"panel-grid-cell panel-grid-cell-empty\" ><\/div><\/div><\/div><div id=\"pg-248-1\"  class=\"panel-grid panel-has-style\" ><div class=\"siteorigin-panels-stretch panel-row-style panel-row-style-for-248-1\" data-stretch-type=\"full-stretched\" ><div id=\"pgc-248-1-0\"  class=\"panel-grid-cell\" ><div id=\"panel-248-1-0-0\" class=\"so-panel widget widget_sow-hero panel-first-child panel-last-child\" data-index=\"0\" ><div\n\t\t\t\n\t\t\tclass=\"so-widget-sow-hero so-widget-sow-hero-default-6e283e92799f-248 so-widget-fittext-wrapper\"\n\t\t\t data-fit-text-compressor=\"0.85\"\n\t\t>\t\t\t\t<div class=\"sow-slider-base\" style=\"display: none\" tabindex=\"0\">\n\t\t\t\t\t<ul\n\t\t\t\t\tclass=\"sow-slider-images\"\n\t\t\t\t\tdata-settings=\"{&quot;pagination&quot;:true,&quot;speed&quot;:800,&quot;timeout&quot;:8000,&quot;paused&quot;:false,&quot;pause_on_hover&quot;:false,&quot;swipe&quot;:true,&quot;nav_always_show_desktop&quot;:&quot;&quot;,&quot;nav_always_show_mobile&quot;:&quot;&quot;,&quot;breakpoint&quot;:&quot;780px&quot;,&quot;unmute&quot;:false,&quot;anchor&quot;:null}\"\n\t\t\t\t\t\t\t\t\t\tdata-anchor-id=\"\"\n\t\t\t\t>\t\t<li class=\"sow-slider-image\" style=\"visibility: visible;;background-color: #333333\" >\n\t\t\t\t\t<div class=\"sow-slider-image-container\">\n\t\t\t<div class=\"sow-slider-image-wrapper\">\n\t\t\t\t<h1 style=\"text-align: center\">Inscripciones<\/h1>\n\t\t\t<\/div>\n\t\t<\/div>\n\t\t\t\t<\/li>\n\t\t<\/ul>\t\t\t\t<ol class=\"sow-slider-pagination\">\n\t\t\t\t\t\t\t\t\t\t\t<li><a href=\"#\" data-goto=\"0\" aria-label=\"mostrar diapositiva 1\"><\/a><\/li>\n\t\t\t\t\t\t\t\t\t<\/ol>\n\n\t\t\t\t<div class=\"sow-slide-nav sow-slide-nav-next\">\n\t\t\t\t\t<a href=\"#\" data-goto=\"next\" aria-label=\"diapositiva siguiente\" data-action=\"next\">\n\t\t\t\t\t\t<em class=\"sow-sld-icon-thin-right\"><\/em>\n\t\t\t\t\t<\/a>\n\t\t\t\t<\/div>\n\n\t\t\t\t<div class=\"sow-slide-nav sow-slide-nav-prev\">\n\t\t\t\t\t<a href=\"#\" data-goto=\"previous\" aria-label=\"diapositiva anterior\" data-action=\"prev\">\n\t\t\t\t\t\t<em class=\"sow-sld-icon-thin-left\"><\/em>\n\t\t\t\t\t<\/a>\n\t\t\t\t<\/div>\n\t\t\t\t<\/div><\/div><\/div><\/div><\/div><\/div><div id=\"pg-248-2\"  class=\"panel-grid panel-has-style\" ><div class=\"siteorigin-panels-stretch panel-row-style panel-row-style-for-248-2\" id=\"tablaprecios\" data-stretch-type=\"full\" ><div id=\"pgc-248-2-0\"  class=\"panel-grid-cell\" ><div id=\"panel-248-2-0-0\" class=\"so-panel widget widget_siteorigin-panels-builder panel-first-child panel-last-child\" data-index=\"1\" ><div id=\"pl-w68dd4f107d758\"  class=\"panel-layout\" ><div id=\"pg-w68dd4f107d758-0\"  class=\"panel-grid panel-no-style\" ><div id=\"pgc-w68dd4f107d758-0-0\"  class=\"panel-grid-cell\" ><div id=\"panel-w68dd4f107d758-0-0-0\" class=\"widget_text so-panel widget widget_custom_html panel-first-child panel-last-child\" data-index=\"0\" ><div class=\"textwidget custom-html-widget\"><style>\n    \/* Contenedor principal *\/\n    #card-page {\n        display: flex;\n        flex-wrap: wrap;\n        justify-content: space-between;\n        gap: 20px;\n        max-width: 1280px;\n        margin: 0 auto;\n        padding: 20px;\n        background-color: #f5f5f5;\n        box-sizing: border-box;\n    }\n\n    \/* Estilos de los cards *\/\n    #card-page .card {\n        flex: 1 1 calc(25% - 20px); \/* 4 columnas con espacio entre *\/\n        max-width: 300px;\n        height: 500px;\n        background: white;\n        padding: 20px;\n        text-align: center;\n        display: flex;\n        flex-direction: column;\n        justify-content: space-between;\n        font-family: Arial, sans-serif;\n        border-radius: 15px;\n        box-shadow: 0 0 10px rgba(191, 188, 41, 0.8);\n        box-sizing: border-box;\n    }\n\n    #card-page h2 {\n        color: white;\n        font-size: 24px;\n        margin: 0;\n        background-color: #bfbc29;\n        padding: 10px;\n        border-radius: 8px;\n    }\n\n    .price {\n        font-size: 70px !important;\n        font-weight: 100;\n        color: #e3904c;\n        text-align: center;\n        margin: 40px 0 !important;\n        white-space: nowrap;\n    }\n\n    #card-page .observations {\n        font-size: 14px;\n        color: #333;\n        padding: 10px;\n        border-radius: 8px;\n        text-align: left;\n        height: auto;\n        overflow-y: auto;\n    }\n\n    #card-page .observations h4 {\n        font-size: 16px;\n        color: #024a7c;\n        margin-bottom: 5px;\n    }\n\n    \/* Enlace como bot\u00f3n *\/\n    .register-btn {\n        display: inline-block;\n        text-decoration: none;\n        background: #024a7c;\n        color: white !important;\n        padding: 12px;\n        font-size: 16px;\n        border-radius: 5px;\n        cursor: pointer;\n        transition: background 0.3s;\n        text-align: center;\n    }\n\n    .register-btn:hover {\n        background: #0056b3;\n\t\t\t  color: white !important;\n    }\n\t\n\t\n\n    \/* Dise\u00f1o adaptable para dispositivos m\u00f3viles *\/\n    @media (max-width: 768px) {\n        #card-page {\n            flex-direction: column;\n            align-items: center;\n        }\n\n        #card-page .card {\n            width: 90%;\n            max-width: 350px;\n        }\n    }\n\n    \/* Secci\u00f3n inscripci\u00f3n *\/\n    #inscripcion-estudiantes {\n        padding: 20px;\n        margin: 20px auto;\n        max-width: 1080px;\n        font-family: Arial, sans-serif;\n        text-align: justify;\n    }\n\n    #inscripcion-estudiantes h2 {\n        color: #024a7c;\n        text-align: center;\n    }\n\n    hr {\n        border: none;\n        height: 5px;\n        background-color: gray;\n        margin: 20px 0;\n    }\n<\/style>\n\n<!-- T\u00edtulo y descripci\u00f3n -->\n<div>\n    <h2 style=\"text-align:center;\">Costos de Inscripci\u00f3n Tard\u00eda<\/h2>\n    <p style=\"text-align:center;\">Aplica a partir del 01 de octubre al 01 de noviembre del 2025<\/p>\n<\/div>\n<hr>\n\n<!-- Cards -->\n<div id=\"card-page\">\n    <div class=\"card\">\n        <h2>Profesionales en otras \u00e1reas<\/h2>\n        <p class=\"price\">$200<\/p>\n        <div class=\"observations\"><\/div>\n        <a href=\"https:\/\/portal.psicologiacr.com\/Courses\/Details?id=9f085735-11aa-4412-9388-a4a501ae8ab0\" class=\"register-btn\">Registrarse<\/a>\n    <\/div>\n\n    <div class=\"card\">\n        <h2>Profesionales en Psicolog\u00eda<\/h2>\n        <p class=\"price\">$150<\/p>\n        <div class=\"observations\"><\/div>\n        <a href=\"https:\/\/portal.psicologiacr.com\/Courses\/Details?id=9f085735-11aa-4412-9388-a4a501ae8ab0\" class=\"register-btn\">Registrarse<\/a>\n    <\/div>\n\n    <div class=\"card\">\n        <h2>Personas Jubiladas o Estudiantes<\/h2>\n        <p class=\"price\">$100<\/p>\n        <div class=\"observations\">\n            <h4>* Aplican restricciones<\/h4>\n\t\t\t\t\t<p style=\"text-align: left;\"><strong>Nota: <\/strong><i>El cupo para estudiantes es limitado.<\/i><\/p>\n        <\/div>\n        <a href=\"https:\/\/portal.psicologiacr.com\/Courses\/Details?id=9f085735-11aa-4412-9388-a4a501ae8ab0\" class=\"register-btn\">Registrarse<\/a>\n    <\/div>\n\n    <div class=\"card\">\n        <h2>Expositores y ponentes<\/h2>\n        <p class=\"price\">$100<\/p>\n        <div class=\"observations\"><\/div>\n        <a href=\"https:\/\/portal.psicologiacr.com\/Courses\/Details?id=9f085735-11aa-4412-9388-a4a501ae8ab0\" class=\"register-btn\">Registrarse<\/a>\n    <\/div>\n<\/div>\n\n<!-- Secci\u00f3n inscripci\u00f3n -->\n<div id=\"inscripcion-estudiantes\">\n    <h2>* Aplican restricciones para inscripci\u00f3n de Estudiantes<\/h2>\n    <p>Para inscribirse como estudiante, debe aportar la documentaci\u00f3n que acredite dicho estatus, la cual consiste en:<\/p>\n    <ul>\n        <li>Documento expedido por la universidad, que acredite la condici\u00f3n de estudiante activo(a), del grado de bachillerato o licenciatura de la carrera de psicolog\u00eda** \u00fanicamente.<\/li>\n        <li>Documento de identidad o DIMEX<\/li>\n    <\/ul>\n    <p><strong>Nota:<\/strong> Cupo disponible para estudiantes \u00fanicamente en modalidad virtual.<\/p>\n\n    <h2>Inscripci\u00f3n personas Jubiladas<\/h2>\n    <p>Para inscribirse como persona profesional jubilada, debe aportar la documentaci\u00f3n que acredite dicho estatus:<\/p>\n    <ul>\n        <li>Documento que haga constar la Jubilaci\u00f3n.<\/li>\n        <li>Documento o carnet que haga constar que pertenece a un Colegio u Asociaci\u00f3n de Psicolog\u00eda.<\/li>\n    <\/ul>\n\n    <h2><strong>Pol\u00edtica de cancelaci\u00f3n<\/strong><\/h2>\n    <ul>\n        <li>La fecha l\u00edmite para cancelar cualquier inscripci\u00f3n es el <strong>31 de octubre del 2025<\/strong> y la devoluci\u00f3n se realizar\u00e1 tras aplicar una penalizaci\u00f3n de $10 por concepto de gastos de gesti\u00f3n.<\/li>\n        <li>A partir del <strong>01 de noviembre<\/strong> la cancelaci\u00f3n de inscripciones no ser\u00e1 posible y no se realizar\u00e1n devoluciones de ning\u00fan tipo.<\/li>\n    <\/ul>\n<\/div>\n<\/div><\/div><\/div><\/div><\/div><\/div><\/div><\/div><\/div><\/div>","protected":false},"excerpt":{"rendered":"<p>Inscripciones Costos de Inscripci\u00f3n Tard\u00eda Aplica a partir del 01 de octubre al 01 de noviembre del 2025 Profesionales en otras \u00e1reas $200 Registrarse Profesionales en Psicolog\u00eda $150 Registrarse Personas Jubiladas o Estudiantes $100 * Aplican restricciones Nota: El cupo para estudiantes es limitado. Registrarse Expositores y ponentes $100 Registrarse * Aplican restricciones para inscripci\u00f3n [&hellip;]<\/p>\n","protected":false},"author":1,"featured_media":0,"parent":0,"menu_order":0,"comment_status":"closed","ping_status":"closed","template":"","meta":{"footnotes":""},"acf":[],"_links":{"self":[{"href":"https:\/\/uccap.net\/index.php?rest_route=\/wp\/v2\/pages\/248"}],"collection":[{"href":"https:\/\/uccap.net\/index.php?rest_route=\/wp\/v2\/pages"}],"about":[{"href":"https:\/\/uccap.net\/index.php?rest_route=\/wp\/v2\/types\/page"}],"author":[{"embeddable":true,"href":"https:\/\/uccap.net\/index.php?rest_route=\/wp\/v2\/users\/1"}],"replies":[{"embeddable":true,"href":"https:\/\/uccap.net\/index.php?rest_route=%2Fwp%2Fv2%2Fcomments&post=248"}],"version-history":[{"count":119,"href":"https:\/\/uccap.net\/index.php?rest_route=\/wp\/v2\/pages\/248\/revisions"}],"predecessor-version":[{"id":3648,"href":"https:\/\/uccap.net\/index.php?rest_route=\/wp\/v2\/pages\/248\/revisions\/3648"}],"wp:attachment":[{"href":"https:\/\/uccap.net\/index.php?rest_route=%2Fwp%2Fv2%2Fmedia&parent=248"}],"curies":[{"name":"wp","href":"https:\/\/api.w.org\/{rel}","templated":true}]}}