{"id":2492,"date":"2024-10-29T15:41:17","date_gmt":"2024-10-29T15:41:17","guid":{"rendered":"https:\/\/uccap.net\/?page_id=2492"},"modified":"2025-02-13T16:11:11","modified_gmt":"2025-02-13T16:11:11","slug":"comite","status":"publish","type":"page","link":"https:\/\/uccap.net\/?page_id=2492","title":{"rendered":"Comit\u00e9 Log\u00edstico"},"content":{"rendered":"<div id=\"pl-2492\"  class=\"panel-layout\" ><div id=\"pg-2492-0\"  class=\"panel-grid panel-has-style\" ><div class=\"siteorigin-panels-stretch panel-row-style panel-row-style-for-2492-0\" data-stretch-type=\"full-stretched\" ><div id=\"pgc-2492-0-0\"  class=\"panel-grid-cell panel-grid-cell-empty\" ><\/div><\/div><\/div><div id=\"pg-2492-1\"  class=\"panel-grid panel-has-style\" ><div class=\"siteorigin-panels-stretch panel-row-style panel-row-style-for-2492-1\" data-stretch-type=\"full-stretched\" ><div id=\"pgc-2492-1-0\"  class=\"panel-grid-cell\" ><div id=\"panel-2492-1-0-0\" class=\"so-panel widget widget_sow-hero panel-first-child panel-last-child\" data-index=\"0\" ><div\n\t\t\t\n\t\t\tclass=\"so-widget-sow-hero so-widget-sow-hero-default-6e283e92799f-2492 so-widget-fittext-wrapper\"\n\t\t\t data-fit-text-compressor=\"0.85\"\n\t\t>\t\t\t\t<div class=\"sow-slider-base\" style=\"display: none\" tabindex=\"0\">\n\t\t\t\t\t<ul\n\t\t\t\t\tclass=\"sow-slider-images\"\n\t\t\t\t\tdata-settings=\"{&quot;pagination&quot;:true,&quot;speed&quot;:800,&quot;timeout&quot;:8000,&quot;paused&quot;:false,&quot;pause_on_hover&quot;:false,&quot;swipe&quot;:true,&quot;nav_always_show_desktop&quot;:&quot;&quot;,&quot;nav_always_show_mobile&quot;:&quot;&quot;,&quot;breakpoint&quot;:&quot;780px&quot;,&quot;unmute&quot;:false,&quot;anchor&quot;:null}\"\n\t\t\t\t\t\t\t\t\t\tdata-anchor-id=\"\"\n\t\t\t\t>\t\t<li class=\"sow-slider-image\" style=\"visibility: visible;;background-color: #333333\" >\n\t\t\t\t\t<div class=\"sow-slider-image-container\">\n\t\t\t<div class=\"sow-slider-image-wrapper\">\n\t\t\t\t<h1 style=\"text-align: center\">Comit\u00e9 Log\u00edstico<\/h1>\n\t\t\t<\/div>\n\t\t<\/div>\n\t\t\t\t<\/li>\n\t\t<\/ul>\t\t\t\t<ol class=\"sow-slider-pagination\">\n\t\t\t\t\t\t\t\t\t\t\t<li><a href=\"#\" data-goto=\"0\" aria-label=\"mostrar diapositiva 1\"><\/a><\/li>\n\t\t\t\t\t\t\t\t\t<\/ol>\n\n\t\t\t\t<div class=\"sow-slide-nav sow-slide-nav-next\">\n\t\t\t\t\t<a href=\"#\" data-goto=\"next\" aria-label=\"diapositiva siguiente\" data-action=\"next\">\n\t\t\t\t\t\t<em class=\"sow-sld-icon-thin-right\"><\/em>\n\t\t\t\t\t<\/a>\n\t\t\t\t<\/div>\n\n\t\t\t\t<div class=\"sow-slide-nav sow-slide-nav-prev\">\n\t\t\t\t\t<a href=\"#\" data-goto=\"previous\" aria-label=\"diapositiva anterior\" data-action=\"prev\">\n\t\t\t\t\t\t<em class=\"sow-sld-icon-thin-left\"><\/em>\n\t\t\t\t\t<\/a>\n\t\t\t\t<\/div>\n\t\t\t\t<\/div><\/div><\/div><\/div><\/div><\/div><div id=\"pg-2492-2\"  class=\"panel-grid panel-has-style\" ><div class=\"siteorigin-panels-stretch panel-row-style panel-row-style-for-2492-2\" id=\"comite\" data-stretch-type=\"full\" ><div id=\"pgc-2492-2-0\"  class=\"panel-grid-cell\" ><div id=\"panel-2492-2-0-0\" class=\"so-panel widget widget_siteorigin-panels-builder panel-first-child panel-last-child\" data-index=\"1\" ><div id=\"pl-w67ae199ef3258\"  class=\"panel-layout\" ><div id=\"pg-w67ae199ef3258-0\"  class=\"panel-grid panel-no-style\" ><div id=\"pgc-w67ae199ef3258-0-0\"  class=\"panel-grid-cell\" ><div id=\"panel-w67ae199ef3258-0-0-0\" class=\"widget_text so-panel widget widget_custom_html panel-first-child panel-last-child\" data-index=\"0\" ><div class=\"textwidget custom-html-widget\"> <p>El \u00e9xito del <strong>II Congreso Centroamericano de Psicolog\u00eda<\/strong> y <strong>10\u00b0 Congreso Costarricense de Psicolog\u00eda<\/strong> depende de un s\u00f3lido equipo organizador encargado de los aspectos log\u00edsticos del evento. El Comit\u00e9 Log\u00edstico desempe\u00f1a un papel fundamental en la planificaci\u00f3n, coordinaci\u00f3n y ejecuci\u00f3n de todas las actividades, asegurando que cada detalle contribuya a una experiencia enriquecedora para los participantes.<\/p><br>  \n        <p><strong>Principales responsabilidades del Comit\u00e9 Log\u00edstico:<\/strong><\/p><br>\n        <ul>\n            <li>Gesti\u00f3n de las inscripciones y atenci\u00f3n a los participantes.<\/li>\n            <li>Coordinaci\u00f3n de los espacios f\u00edsicos y virtuales del congreso.<\/li>\n            <li>Organizaci\u00f3n de recursos t\u00e9cnicos y materiales necesarios para las presentaciones.<\/li>\n            <li>Apoyo en la log\u00edstica de traslados, hospedaje y requerimientos de invitados nacionales e internacionales.<\/li>\n            <li>Supervisi\u00f3n del cronograma para garantizar el desarrollo fluido de las actividades.<\/li>\n        <\/ul><\/div><\/div><\/div><\/div><\/div><\/div><\/div><\/div><\/div><div id=\"pg-2492-3\"  class=\"panel-grid panel-has-style\" ><div class=\"siteorigin-panels-stretch panel-row-style panel-row-style-for-2492-3\" id=\"comite\" data-stretch-type=\"full\" ><div id=\"pgc-2492-3-0\"  class=\"panel-grid-cell panel-grid-cell-empty\" ><\/div><div id=\"pgc-2492-3-1\"  class=\"panel-grid-cell panel-grid-cell-mobile-last\" ><div id=\"panel-2492-3-1-0\" class=\"so-panel widget widget_siteorigin-panels-postloop panel-first-child panel-last-child\" data-index=\"2\" >\n\n\n\n\n<style>\n    .tabs {\n        display: flex;\n        justify-content: flex-start; \n        position: relative;\n        margin-bottom: 10px;\n    }\n\n    .tab-button {\n        padding: 25px 50px;\n        border: 1px solid #ccc;\n        background-color: blue;\n        color: white;\n        margin-right: 5px;\n        outline: none;\n        transition: background-color 0.3s;\n        border-radius: 10px;\n        font-size: 1.5em;\n        position: relative;\n    }\n\n    .tab-button.active {\n        background-color: #0dcaf0;\n        color: white;\n        font-weight: bold;\n    }\n\n    .tab-button.active::after {\n        content: '';\n        position: absolute;\n        bottom: -10px;\n        left: 50%;\n        transform: translateX(-50%);\n        width: 0; \n        height: 0; \n        border-left: 10px solid transparent; \n        border-right: 10px solid transparent; \n        border-top: 10px solid #0dcaf0; \n    }\n\n    .tab-content {\n        border: 1px solid #ccc;\n        padding: 20px;\n        margin-top: -1px;\n        background-color: white;\n        border-radius: 8px;\n    }\n\n    .tab {\n        display: none;\n    }\n\n    .tab.active {\n        display: block;\n    }\n\n    .card-container {\n    display: flex;\n    flex-wrap: wrap;\n    gap: 20px;\n    justify-content: center; \n}\n\n  .card {\n    background-color: #ffc107;\n    width: 200px; \/* Ancho fijo *\/\n    height: 300px; \/* Altura fija *\/\n    box-shadow: 0 2px 5px rgba(0, 0, 0, 0.2);\n    border: 1px solid #ccc;\n    border-radius: 5px;\n    padding: 10px;\n    display: flex;\n    flex-direction: column;\n    justify-content: space-between;\n    overflow: hidden;\n    transition: transform 0.3s, box-shadow 0.3s;\n}\n\n\n\n    .card:hover {\n        transform: translateY(5px);\n        box-shadow: 0 4px 10px rgba(0, 0, 0, 0.3);\n    }\n\n   .card img {\n    width: 100%; \n    height: 150px; \n    object-fit: cover; \n    border-radius: 5px;\n   object-position: top; \n}\n\n    .card:hover img {\n        filter: brightness(70%);\n    }\n\n   .card-title {\n    font-size: 1.2em;\n    margin: 10px 0;\n    text-align: center;\n}\n\n\n    .card-description {\n    flex-grow: 1;\n    text-align: center;\n    overflow: hidden; \n    text-overflow: ellipsis; \n    white-space: nowrap; \n}\n\n    .card-button {\n        background-color: blue;\n        color: white;\n        border: none;\n        padding: 10px;\n        border-radius: 5px;\n        cursor: pointer;\n        width: 100%;\n        transition: background-color 0.3s;\n    }\n\n    .card:hover .card-button {\n        background-color: #0dcaf0;\n    }\n\n     \/* Media Queries para dispositivos m\u00f3viles *\/\n    @media (max-width: 768px) {\n        .tabs {\n            justify-content: center;\n        }\n\n        .tab-button {\n            padding: 15px 30px;\n            font-size: 1.2em;\n        }\n\n        .card img {\n            height: 120px; \/* Ajuste para pantallas medianas *\/\n            object-fit: contain;\n        }\n    }\n\n    @media (max-width: 480px) {\n        .tabs {\n            justify-content: center;\n        }\n\n        .tab-button {\n            padding: 10px 20px;\n            font-size: 1em;\n        }\n\n        .card img {\n            height: 100px; \/* Ajuste para pantallas peque\u00f1as *\/\n        }\n    }\n\n    .divider {\n        height: 5px;\n        background-color: #da121a;\n        margin: 20px 0;\n    }\n\n<\/style>\n\n\n    <div class=\"tabs\">\n        <button class=\"tab-button active\" onclick=\"showTab('tab1')\">Colegio de Profesionales en Psicolog\u00eda<\/button>\n        <button class=\"tab-button\" onclick=\"showTab('tab2')\">Universidad Aut\u00f3noma de Centro Am\u00e9rica<\/button>\n    <\/div>\n    <div class=\"tab-content\">\n        \n <div id=\"tab2\" class=\"tab\">\n\n            <br>\n            <h2 style=\"text-align:center;\">Universidad Aut\u00f3noma de Centro Am\u00e9rica<\/h2>\n            <p style=\"text-align:center;\">Gracias a la dedicaci\u00f3n de este equipo, el congreso ser\u00e1 un evento organizado, eficiente y memorable para todos los asistentes.<\/p>\n\n             <div class=\"divider\"><\/div>\n\t\t\n            <div class=\"card-container\">\n               <div class=\"card\">\n            <img decoding=\"async\" src=\"https:\/\/uccap.net\/wp-content\/uploads\/2025\/02\/icono-color.png\" alt=\"Imagen 1\">\n            <h3 class=\"card-title\">Dora Celis Esparza<\/h3>\n            <p class=\"card-description\">Dir. Carrera de Psicolog\u00eda<\/p>\n            <button class=\"card-button\">UACA<\/button>\n        <\/div>\n        <div class=\"card\">\n            <img decoding=\"async\" src=\"https:\/\/uccap.net\/wp-content\/uploads\/2025\/02\/icono-color.png\" alt=\"Imagen 2\">\n            <h3 class=\"card-title\">Ana Luc\u00eda Rojas Schmidt<\/h3>\n            <p class=\"card-description\">Directora de Mercadeo<\/p>\n            <button class=\"card-button\">UACA<\/button>\n        <\/div>\n        <div class=\"card\">\n            <img decoding=\"async\" src=\"https:\/\/uccap.net\/wp-content\/uploads\/2025\/02\/icono-color.png\" alt=\"Imagen 3\">\n            <h3 class=\"card-title\">Randall Rom\u00e1n Fallas<\/h3>\n            <p class=\"card-description\">Director de Sede<\/p>\n            <button class=\"card-button\">UACA<\/button>\n        <\/div>\n\n            <\/div>\n        <\/div>\n\n\n\n          <div id=\"tab1\" class=\"tab active\">\n    <br>\n    <h2 style=\"text-align:center;\">Colegio de Profesionales en Psicolog\u00eda<\/h2>\n    <p style=\"text-align:center;\">Gracias a la dedicaci\u00f3n de este equipo, el congreso ser\u00e1 un evento organizado, eficiente y memorable para todos los asistentes.<\/p>\n    <div class=\"divider\"><\/div>\n    <div class=\"card-container\">\n        <div class=\"card\">\n            <img decoding=\"async\" src=\"https:\/\/uccap.net\/wp-content\/uploads\/2024\/10\/angello.jpg\" alt=\"Imagen 1\">\n            <h3 class=\"card-title\">\u00c1ngelo Arg\u00fcello Castro<\/h3>\n            <p class=\"card-description\">Representante UCCAP<\/p>\n            <button class=\"card-button\">Costa Rica<\/button>\n        <\/div>\n        <div class=\"card\">\n            <img decoding=\"async\" src=\"https:\/\/uccap.net\/wp-content\/uploads\/2024\/10\/ivannia-300x300-1.jpg\" alt=\"Imagen 2\">\n            <h3 class=\"card-title\">Ivannia Coto Garro<\/h3>\n            <p class=\"card-description\">L\u00edder Comit\u00e9 organizador<\/p>\n            <button class=\"card-button\">Directora Ejecutiva<\/button>\n        <\/div>\n        <div class=\"card\">\n            <img decoding=\"async\" src=\"https:\/\/uccap.net\/wp-content\/uploads\/2024\/10\/Carlos-300x300-1.jpg\" alt=\"Imagen 3\">\n            <h3 class=\"card-title\">Carlos Mata Mar\u00edn<\/h3>\n            <p class=\"card-description\"><\/p>\n            <button class=\"card-button\">Vida Gremial<\/button>\n        <\/div>\n\n        <div class=\"card\">\n            <img decoding=\"async\" src=\"https:\/\/uccap.net\/wp-content\/uploads\/2024\/10\/sofia-300x300-1.jpg\" alt=\"Imagen 4\">\n            <h3 class=\"card-title\">Sof\u00eda Mor\u00e1n Porras<\/h3>\n            <p class=\"card-description\"><\/p>\n            <button class=\"card-button\">Vida Gremial<\/button>\n        <\/div>\n\n\n\n         <div class=\"card\">\n            <img decoding=\"async\" src=\"https:\/\/uccap.net\/wp-content\/uploads\/2025\/02\/Gaudy.jpg\" alt=\"Imagen 4\">\n            <h3 class=\"card-title\">Gaudy Castillo<\/h3>\n            <p class=\"card-description\"><\/p>\n            <button class=\"card-button\">Proyecci\u00f3n Institucional<\/button>\n        <\/div>\n\n\n        <div class=\"card\">\n            <img decoding=\"async\" src=\"https:\/\/uccap.net\/wp-content\/uploads\/2024\/10\/yerlin-300x300-1.jpg\" alt=\"Imagen 5\">\n            <h3 class=\"card-title\">Yerlin Marrero Miranda<\/h3>\n            <p class=\"card-description\"><\/p>\n            <button class=\"card-button\">Vida Gremial<\/button>\n        <\/div>\n        <div class=\"card\">\n            <img decoding=\"async\" src=\"https:\/\/uccap.net\/wp-content\/uploads\/2024\/10\/marianella-300x300-1.jpg\" alt=\"Imagen 6\">\n            <h3 class=\"card-title\">Marianela Monge Fallas<\/h3>\n            <p class=\"card-description\"><\/p>\n            <button class=\"card-button\">CAPP<\/button>\n        <\/div>\n       \n        <div class=\"card\">\n            <img decoding=\"async\" src=\"https:\/\/uccap.net\/wp-content\/uploads\/2024\/10\/joaquin-1-300x300-1.jpg\" alt=\"Imagen 7\">\n            <h3 class=\"card-title\">Joaqu\u00edn Zamora L\u00f3pez<\/h3>\n            <p class=\"card-description\"><\/p>\n            <button class=\"card-button\">Financiero<\/button>\n        <\/div>\n        \n\t<div class=\"card\">\n            <img decoding=\"async\" src=\"https:\/\/uccap.net\/wp-content\/uploads\/2024\/10\/Katherine-261x300-1.jpg\" alt=\"Imagen 7\">\n            <h3 class=\"card-title\">Katherine Rivera Leandro<\/h3>\n            <p class=\"card-description\"><\/p>\n            <button class=\"card-button\">Secretaria<\/button>\n        <\/div>\n\n    <\/div>\n\n\n    \n\n\n\n\n<\/div>\n\n\n\n\n    <\/div>\n\n    <script>\n        function showTab(tabId) {\n            const tabs = document.querySelectorAll('.tab');\n            const buttons = document.querySelectorAll('.tab-button');\n\n            tabs.forEach(tab => {\n                tab.classList.remove('active');\n            });\n            \n            buttons.forEach(button => {\n                button.classList.remove('active');\n            });\n\n            document.getElementById(tabId).classList.add('active');\n            document.querySelector(`.tab-button[onclick=\"showTab('${tabId}')\"]`).classList.add('active');\n        }\n    <\/script><\/div><\/div><div id=\"pgc-2492-3-2\"  class=\"panel-grid-cell panel-grid-cell-empty\" ><\/div><\/div><\/div><\/div>","protected":false},"excerpt":{"rendered":"<p>Comit\u00e9 Log\u00edstico El \u00e9xito del II Congreso Centroamericano de Psicolog\u00eda y 10\u00b0 Congreso Costarricense de Psicolog\u00eda depende de un s\u00f3lido equipo organizador encargado de los aspectos log\u00edsticos del evento. El Comit\u00e9 Log\u00edstico desempe\u00f1a un papel fundamental en la planificaci\u00f3n, coordinaci\u00f3n y ejecuci\u00f3n de todas las actividades, asegurando que cada detalle contribuya a una experiencia enriquecedora [&hellip;]<\/p>\n","protected":false},"author":2,"featured_media":0,"parent":0,"menu_order":0,"comment_status":"closed","ping_status":"closed","template":"","meta":{"footnotes":""},"acf":[],"_links":{"self":[{"href":"https:\/\/uccap.net\/index.php?rest_route=\/wp\/v2\/pages\/2492"}],"collection":[{"href":"https:\/\/uccap.net\/index.php?rest_route=\/wp\/v2\/pages"}],"about":[{"href":"https:\/\/uccap.net\/index.php?rest_route=\/wp\/v2\/types\/page"}],"author":[{"embeddable":true,"href":"https:\/\/uccap.net\/index.php?rest_route=\/wp\/v2\/users\/2"}],"replies":[{"embeddable":true,"href":"https:\/\/uccap.net\/index.php?rest_route=%2Fwp%2Fv2%2Fcomments&post=2492"}],"version-history":[{"count":11,"href":"https:\/\/uccap.net\/index.php?rest_route=\/wp\/v2\/pages\/2492\/revisions"}],"predecessor-version":[{"id":2494,"href":"https:\/\/uccap.net\/index.php?rest_route=\/wp\/v2\/pages\/2492\/revisions\/2494"}],"wp:attachment":[{"href":"https:\/\/uccap.net\/index.php?rest_route=%2Fwp%2Fv2%2Fmedia&parent=2492"}],"curies":[{"name":"wp","href":"https:\/\/api.w.org\/{rel}","templated":true}]}}