{"id":2514,"date":"2024-10-29T19:49:01","date_gmt":"2024-10-29T19:49:01","guid":{"rendered":"https:\/\/uccap.net\/?page_id=2514"},"modified":"2025-02-14T17:38:00","modified_gmt":"2025-02-14T17:38:00","slug":"galeria","status":"publish","type":"page","link":"https:\/\/uccap.net\/?page_id=2514","title":{"rendered":"Miembros"},"content":{"rendered":"<div id=\"pl-2514\"  class=\"panel-layout\" ><div id=\"pg-2514-0\"  class=\"panel-grid panel-has-style\" ><div class=\"siteorigin-panels-stretch panel-row-style panel-row-style-for-2514-0\" data-stretch-type=\"full-stretched\" ><div id=\"pgc-2514-0-0\"  class=\"panel-grid-cell panel-grid-cell-empty\" ><\/div><\/div><\/div><div id=\"pg-2514-1\"  class=\"panel-grid panel-has-style\" ><div class=\"siteorigin-panels-stretch panel-row-style panel-row-style-for-2514-1\" data-stretch-type=\"full-stretched\" ><div id=\"pgc-2514-1-0\"  class=\"panel-grid-cell\" ><div id=\"panel-2514-1-0-0\" class=\"so-panel widget widget_sow-hero panel-first-child panel-last-child\" data-index=\"0\" ><div\n\t\t\t\n\t\t\tclass=\"so-widget-sow-hero so-widget-sow-hero-default-6e283e92799f-2514 so-widget-fittext-wrapper\"\n\t\t\t data-fit-text-compressor=\"0.85\"\n\t\t>\t\t\t\t<div class=\"sow-slider-base\" style=\"display: none\" tabindex=\"0\">\n\t\t\t\t\t<ul\n\t\t\t\t\tclass=\"sow-slider-images\"\n\t\t\t\t\tdata-settings=\"{&quot;pagination&quot;:true,&quot;speed&quot;:800,&quot;timeout&quot;:8000,&quot;paused&quot;:false,&quot;pause_on_hover&quot;:false,&quot;swipe&quot;:true,&quot;nav_always_show_desktop&quot;:&quot;&quot;,&quot;nav_always_show_mobile&quot;:&quot;&quot;,&quot;breakpoint&quot;:&quot;780px&quot;,&quot;unmute&quot;:false,&quot;anchor&quot;:null}\"\n\t\t\t\t\t\t\t\t\t\tdata-anchor-id=\"\"\n\t\t\t\t>\t\t<li class=\"sow-slider-image\" style=\"visibility: visible;;background-color: #333333\" >\n\t\t\t\t\t<div class=\"sow-slider-image-container\">\n\t\t\t<div class=\"sow-slider-image-wrapper\">\n\t\t\t\t<h1 style=\"text-align: center\">Pa\u00edses Miembros<\/h1>\n\t\t\t<\/div>\n\t\t<\/div>\n\t\t\t\t<\/li>\n\t\t<\/ul>\t\t\t\t<ol class=\"sow-slider-pagination\">\n\t\t\t\t\t\t\t\t\t\t\t<li><a href=\"#\" data-goto=\"0\" aria-label=\"mostrar diapositiva 1\"><\/a><\/li>\n\t\t\t\t\t\t\t\t\t<\/ol>\n\n\t\t\t\t<div class=\"sow-slide-nav sow-slide-nav-next\">\n\t\t\t\t\t<a href=\"#\" data-goto=\"next\" aria-label=\"diapositiva siguiente\" data-action=\"next\">\n\t\t\t\t\t\t<em class=\"sow-sld-icon-thin-right\"><\/em>\n\t\t\t\t\t<\/a>\n\t\t\t\t<\/div>\n\n\t\t\t\t<div class=\"sow-slide-nav sow-slide-nav-prev\">\n\t\t\t\t\t<a href=\"#\" data-goto=\"previous\" aria-label=\"diapositiva anterior\" data-action=\"prev\">\n\t\t\t\t\t\t<em class=\"sow-sld-icon-thin-left\"><\/em>\n\t\t\t\t\t<\/a>\n\t\t\t\t<\/div>\n\t\t\t\t<\/div><\/div><\/div><\/div><\/div><\/div><div id=\"pg-2514-2\"  class=\"panel-grid panel-has-style\" ><div class=\"siteorigin-panels-stretch panel-row-style panel-row-style-for-2514-2\" id=\"comite\" data-stretch-type=\"full\" ><div id=\"pgc-2514-2-0\"  class=\"panel-grid-cell panel-grid-cell-empty\" ><\/div><div id=\"pgc-2514-2-1\"  class=\"panel-grid-cell panel-grid-cell-mobile-last\" ><div id=\"panel-2514-2-1-0\" class=\"so-panel widget widget_siteorigin-panels-postloop panel-first-child panel-last-child\" data-index=\"1\" >\n\n<style>\n   \n\n    .card-container {\n        display: flex;\n        flex-wrap: wrap;\n        justify-content: space-between;\n    }\n\n    .card {\n        border: 1px solid #ccc;\n        border-radius: 8px;\n        padding: 16px;\n        margin: 10px;\n        width: calc(33% - 20px);\n        cursor: pointer;\n        text-align: center;\n        transition: box-shadow 0.3s, transform 0.5s, background-color 0.3s;\n        display: flex;\n        flex-direction: column;\n        align-items: center;\n        justify-content: center;\n        background-color: white;\n    }\n\n    .card:hover {\n        box-shadow: 0 8px 16px rgba(0, 0, 0, 0.3);\n        transform: translateY(10px);\n        background-color: rgba(0, 0, 0, 0.03);\n    }\n\n    .card img {\n        width: 100px;\n        height: 100px;\n        object-fit: cover;\n        border-radius: 50%;\n        margin-bottom: 10px;\n        transition: transform 0.5s;\n    }\n\n    .card:hover img {\n        transform: rotate(360deg);\n    }\n\n    button {\n        background-color: navy;\n        color: white;\n        border: none;\n        border-radius: 5px;\n        padding: 10px 20px;\n        cursor: pointer;\n        transition: background-color 0.3s;\n    }\n\n    .card:hover button {\n        background-color: #0dcaf0;\n    }\n\n    .modal {\n        display: none;\n        position: fixed;\n        z-index: 1000;\n        left: 0;\n        top: 0;\n        width: 100%;\n        height: 100%;\n        overflow: auto;\n        background-color: rgba(0, 0, 0, 0.4);\n        justify-content: center;\n        align-items: center;\n    }\n\n    .modal-content {\n        background-color: #fefefe;\n        margin: 5% auto; \/* Ajustado para m\u00f3viles *\/\n        padding: 0;\n        width: 90%; \/* Ajustado para m\u00f3viles *\/\n        max-width: 600px;\n        border-radius: 8px;\n        overflow: hidden;\n    }\n\n   .modal-header {\n        background-color: #da121a;\n        color: white;\n        padding: 10px;\n        border-radius: 8px 8px 0 0;\n        display: flex;\n        align-items: center;\n        justify-content: center; \/* Cambiado para centrar el contenido *\/\n    }\n\n    .modal-description {\n        margin-top: 20px;\n        padding: 10px;\n        max-height: 400px; \/* Limitar la altura *\/\n        overflow-y: auto; \/* Permitir desplazamiento *\/\n        color: #333; \/* Color del texto *\/\n    }\n\n    .close {\n        color: #aaa;\n        font-size: 28px;\n        font-weight: bold;\n        cursor: pointer; \/* Cursor de puntero *\/\n    }\n\n    .close:hover,\n    .close:focus {\n        color: black;\n    }\n\n    .modal-link {\n        display: inline-block;\n        background-color: navy;\n        color: white;\n        border: none;\n        border-radius: 5px;\n        padding: 10px 20px;\n        text-decoration: none;\n        text-align: center;\n        margin: 10px auto;\n        transition: background-color 0.3s;\n    }\n\n    .modal-link:hover {\n        background-color: #0dcaf0;\n    }\n\n    @media (max-width: 768px) {\n        .card {\n            width: 100%;\n        }\n\n        .modal-content {\n            width: 90%;\n            margin: 5% auto;\n            border-radius: 8px;\n        }\n\n        .modal {\n            display: none;\n        }\n    }\n\n    .modal-header h2 {\n        color: white;\n        text-align: center; \/* Cambiado a center para centrar el texto *\/\n        margin: 0;\n        flex-grow: 1; \/* Mantiene el espacio *\/\n        font-size: 1.5em;\n    }\n\n<\/style>\n\n\n\n\n<div class=\"card-container\">\n    <div class=\"card\" onclick=\"openModal('El Salvador', [\n        'En el a\u00f1o dos mil cuatro, psic\u00f3logos de distintos \u00e1mbitos jurisdiccionales de la Corte Suprema de Justicia organizaron un grupo gestor que concluy\u00f3 el veintiocho de junio de dos mil siete.',\n        'Con la obtenci\u00f3n de la personer\u00eda jur\u00eddica de la Asociaci\u00f3n de Psic\u00f3logos Jur\u00eddicos de El Salvador (APSIJES).',\n        'Sus estatutos la definen como una entidad apol\u00edtica, no lucrativa, no religiosa, de car\u00e1cter profesional, cultural, recreativa y cient\u00edfica.'\n    ], 'https:\/\/www.facebook.com\/p\/asociaci%C3%B3n-de-psic%C3%B3logos-jur%C3%ADdicos-de-el-salvador-100071183073099\/')\">\n        <img decoding=\"async\" src=\"http:\/\/uccap.net\/wp-content\/uploads\/2024\/10\/Flag_of_El_Salvador.svg_.png\" alt=\"Imagen 1\">\n        <h3>El Salvador<\/h3>\n        <button>Ver M\u00e1s<\/button>\n    <\/div>\n    <div class=\"card\" onclick=\"openModal('Costa Rica', [\n        'El Colegio de Profesionales en Psicolog\u00eda de Costa Rica fue fundado en noviembre de 1977, mediante Ley de la Rep\u00fablica N\u00b0. 6144, como una entidad p\u00fablica de profesionales en psicolog\u00eda.',\n        'Su misi\u00f3n es velar por la calidad del ejercicio profesional de la psicolog\u00eda, de acuerdo con la normativa vinculante, buenas pr\u00e1cticas y en un marco de respeto al ser humano.'\n    ], 'https:\/\/psicologiacr.com\/')\">\n        <img decoding=\"async\" src=\"http:\/\/uccap.net\/wp-content\/uploads\/2024\/10\/Flag_of_Costa_Rica.svg_.png\" alt=\"Imagen 2\">\n        <h3>Costa Rica<\/h3>\n        <button>Ver M\u00e1s<\/button>\n    <\/div>\n    <div class=\"card\" onclick=\"openModal('Guatemala', [\n        'El 25 de junio del a\u00f1o 2007, la Asamblea de Presidentes de los Colegios Profesionales emite la Resoluci\u00f3n No.1288.6.07, autorizando la creaci\u00f3n del Colegio de Psic\u00f3logos de Guatemala.',\n        'Su misi\u00f3n es promover y velar por el ejercicio \u00e9tico de la profesi\u00f3n, el mejoramiento cultural, cient\u00edfico y el bienestar integral de los colegiados.'\n    ], 'https:\/\/www.colegiodepsicologos.org.gt\/')\">\n        <img decoding=\"async\" src=\"http:\/\/uccap.net\/wp-content\/uploads\/2024\/10\/Flag_of_Guatemala.svg_.png\" alt=\"Imagen 3\">\n        <h3>Guatemala<\/h3>\n        <button>Ver M\u00e1s<\/button>\n    <\/div>\n    <div class=\"card\" onclick=\"openModal('Nicaragua', [\n        'La Asociaci\u00f3n Nicarag\u00fcense para el Desarrollo de la Psicolog\u00eda es una organizaci\u00f3n sin fines de lucro conformada por profesionales de la psicolog\u00eda y estudiantes de los \u00faltimos a\u00f1os de la carrera.',\n        'Su misi\u00f3n es coadyuvar en el avance de nuestra ciencia en sus diversos \u00e1mbitos de estudio y aplicaci\u00f3n.',\n        'ANDEPSI, debido al contexto en Nicaragua se le retira la personalidad jur\u00eddica el 99 de agosto del 2024. ',\n        'En su lugar pa\u00eds, queda en la asamblea de la UCCAP, en calidad de observadores y es representada por un grupo amplio de profesionales de la psicolog\u00eda nombrada Red de Profesionales para el Desarrollo de la Psicolog\u00eda en Nicaragua.'\n    ], '#')\">\n        <img decoding=\"async\" src=\"http:\/\/uccap.net\/wp-content\/uploads\/2024\/10\/Flag_of_Nicaragua.svg_.png\" alt=\"Imagen 4\">\n        <h3>Nicaragua<\/h3>\n        <button>Ver M\u00e1s<\/button>\n    <\/div>\n    <div class=\"card\" onclick=\"openModal('Honduras', [\n        'El Colegio de Psic\u00f3logos de Honduras es una instituci\u00f3n cuyo fin es regular la pr\u00e1ctica de la psicolog\u00eda a nivel nacional.',\n        'Promueve el desarrollo humano de la sociedad hondure\u00f1a, respaldando a los psic\u00f3logos para que realicen sus actividades dentro de principios \u00e9ticos.'\n    ], 'https:\/\/colegiodepsicologos.hn\/historia\/')\">\n        <img decoding=\"async\" src=\"http:\/\/uccap.net\/wp-content\/uploads\/2024\/10\/Flag_of_Honduras.svg_.png\" alt=\"Imagen 5\">\n        <h3>Honduras<\/h3>\n        <button>Ver M\u00e1s<\/button>\n    <\/div>\n    <div class=\"card\" onclick=\"openModal('Panam\u00e1', [\n        'La Asociaci\u00f3n Paname\u00f1a de Psic\u00f3logos busca aglutinar a la mayor\u00eda de los psic\u00f3logos en Panam\u00e1.',\n        'Fue creada en 1965 y adquiere su personer\u00eda jur\u00eddica No. 16 el 22 de junio de ese mismo a\u00f1o.'\n    ], 'https:\/\/www.facebook.com\/p\/ASOCIACI%C3%93N-PANAME%C3%91A-DE-PSIC%C3%93LOGOS-APP--100064451869598\/?locale=es_LA')\">\n        <img decoding=\"async\" src=\"http:\/\/uccap.net\/wp-content\/uploads\/2024\/10\/Flag_of_Panama.svg_.png\" alt=\"Imagen 6\">\n        <h3>Panam\u00e1<\/h3>\n        <button>Ver M\u00e1s<\/button>\n    <\/div>\n<\/div>\n\n<div id=\"modal\" class=\"modal\">\n    <div class=\"modal-content\">\n        <div class=\"modal-header\">\n            <span class=\"close\" onclick=\"closeModal()\">&times;<\/span>\n            <h2 id=\"modal-title\"><\/h2>\n        <\/div>\n        <div id=\"modal-description\" class=\"modal-description\"><\/div>\n        <a id=\"modal-link\" class=\"modal-link\" href=\"#\" target=\"_blank\" onclick=\"closeModal()\">Visitar sitio<\/a>\n    <\/div>\n<\/div>\n\n<script>\n    function openModal(title, descriptions, link) {\n        document.getElementById('modal-title').innerText = title;\n        const descriptionContainer = document.getElementById('modal-description');\n        descriptionContainer.innerHTML = ''; \/\/ Limpiar el contenido anterior\n        descriptions.forEach(desc => {\n            const p = document.createElement('p');\n            p.innerText = desc;\n            descriptionContainer.appendChild(p);\n        });\n        const modalLink = document.getElementById('modal-link');\n        modalLink.href = link; \/\/ Asignar el enlace al bot\u00f3n del modal\n        document.getElementById('modal').style.display = \"flex\"; \/\/ Mostrar el modal\n    }\n\n    function closeModal() {\n        document.getElementById('modal').style.display = \"none\";\n    }\n\n    window.onclick = function(event) {\n        const modal = document.getElementById('modal');\n        if (event.target == modal) {\n            modal.style.display = \"none\";\n        }\n    }\n<\/script>\n\n\n\n\n\n\n\n\n<\/div><\/div><div id=\"pgc-2514-2-2\"  class=\"panel-grid-cell panel-grid-cell-empty\" ><\/div><\/div><\/div><\/div>","protected":false},"excerpt":{"rendered":"<p>Pa\u00edses Miembros El Salvador Ver M\u00e1s Costa Rica Ver M\u00e1s Guatemala Ver M\u00e1s Nicaragua Ver M\u00e1s Honduras Ver M\u00e1s Panam\u00e1 Ver M\u00e1s &times; Visitar sitio<\/p>\n","protected":false},"author":2,"featured_media":0,"parent":0,"menu_order":0,"comment_status":"closed","ping_status":"closed","template":"","meta":{"footnotes":""},"acf":[],"_links":{"self":[{"href":"https:\/\/uccap.net\/index.php?rest_route=\/wp\/v2\/pages\/2514"}],"collection":[{"href":"https:\/\/uccap.net\/index.php?rest_route=\/wp\/v2\/pages"}],"about":[{"href":"https:\/\/uccap.net\/index.php?rest_route=\/wp\/v2\/types\/page"}],"author":[{"embeddable":true,"href":"https:\/\/uccap.net\/index.php?rest_route=\/wp\/v2\/users\/2"}],"replies":[{"embeddable":true,"href":"https:\/\/uccap.net\/index.php?rest_route=%2Fwp%2Fv2%2Fcomments&post=2514"}],"version-history":[{"count":19,"href":"https:\/\/uccap.net\/index.php?rest_route=\/wp\/v2\/pages\/2514\/revisions"}],"predecessor-version":[{"id":3326,"href":"https:\/\/uccap.net\/index.php?rest_route=\/wp\/v2\/pages\/2514\/revisions\/3326"}],"wp:attachment":[{"href":"https:\/\/uccap.net\/index.php?rest_route=%2Fwp%2Fv2%2Fmedia&parent=2514"}],"curies":[{"name":"wp","href":"https:\/\/api.w.org\/{rel}","templated":true}]}}