{"id":257,"date":"2021-04-23T22:59:42","date_gmt":"2021-04-23T22:59:42","guid":{"rendered":"https:\/\/uccap.net\/?page_id=257"},"modified":"2023-08-23T15:24:11","modified_gmt":"2023-08-23T15:24:11","slug":"historia-uccap","status":"publish","type":"page","link":"https:\/\/uccap.net\/?page_id=257","title":{"rendered":"Historia-UCCAP"},"content":{"rendered":"<div id=\"pl-257\"  class=\"panel-layout\" ><div id=\"pg-257-0\"  class=\"panel-grid panel-has-style\" ><div class=\"siteorigin-panels-stretch panel-row-style panel-row-style-for-257-0\" data-stretch-type=\"full-stretched\" ><div id=\"pgc-257-0-0\"  class=\"panel-grid-cell\" ><div id=\"panel-257-0-0-0\" class=\"so-panel widget panel-first-child panel-last-child\" data-index=\"0\" ><\/div><\/div><\/div><\/div><div id=\"pg-257-1\"  class=\"panel-grid panel-has-style\" ><div class=\"siteorigin-panels-stretch panel-row-style panel-row-style-for-257-1\" data-stretch-type=\"full-stretched\" ><div id=\"pgc-257-1-0\"  class=\"panel-grid-cell\" ><div id=\"panel-257-1-0-0\" class=\"so-panel widget widget_sow-hero panel-first-child panel-last-child\" data-index=\"1\" ><div\n\t\t\t\n\t\t\tclass=\"so-widget-sow-hero so-widget-sow-hero-default-6e283e92799f-257 so-widget-fittext-wrapper\"\n\t\t\t data-fit-text-compressor=\"0.85\"\n\t\t>\t\t\t\t<div class=\"sow-slider-base\" style=\"display: none\" tabindex=\"0\">\n\t\t\t\t\t<ul\n\t\t\t\t\tclass=\"sow-slider-images\"\n\t\t\t\t\tdata-settings=\"{&quot;pagination&quot;:true,&quot;speed&quot;:800,&quot;timeout&quot;:8000,&quot;paused&quot;:false,&quot;pause_on_hover&quot;:false,&quot;swipe&quot;:true,&quot;nav_always_show_desktop&quot;:&quot;&quot;,&quot;nav_always_show_mobile&quot;:&quot;&quot;,&quot;breakpoint&quot;:&quot;780px&quot;,&quot;unmute&quot;:false,&quot;anchor&quot;:null}\"\n\t\t\t\t\t\t\t\t\t\tdata-anchor-id=\"\"\n\t\t\t\t>\t\t<li class=\"sow-slider-image\" style=\"visibility: visible;;background-color: #333333\" >\n\t\t\t\t\t<div class=\"sow-slider-image-container\">\n\t\t\t<div class=\"sow-slider-image-wrapper\">\n\t\t\t\t<h1 style=\"text-align: center\">Historia<\/h1>\n\t\t\t<\/div>\n\t\t<\/div>\n\t\t\t\t<\/li>\n\t\t<\/ul>\t\t\t\t<ol class=\"sow-slider-pagination\">\n\t\t\t\t\t\t\t\t\t\t\t<li><a href=\"#\" data-goto=\"0\" aria-label=\"mostrar diapositiva 1\"><\/a><\/li>\n\t\t\t\t\t\t\t\t\t<\/ol>\n\n\t\t\t\t<div class=\"sow-slide-nav sow-slide-nav-next\">\n\t\t\t\t\t<a href=\"#\" data-goto=\"next\" aria-label=\"diapositiva siguiente\" data-action=\"next\">\n\t\t\t\t\t\t<em class=\"sow-sld-icon-thin-right\"><\/em>\n\t\t\t\t\t<\/a>\n\t\t\t\t<\/div>\n\n\t\t\t\t<div class=\"sow-slide-nav sow-slide-nav-prev\">\n\t\t\t\t\t<a href=\"#\" data-goto=\"previous\" aria-label=\"diapositiva anterior\" data-action=\"prev\">\n\t\t\t\t\t\t<em class=\"sow-sld-icon-thin-left\"><\/em>\n\t\t\t\t\t<\/a>\n\t\t\t\t<\/div>\n\t\t\t\t<\/div><\/div><\/div><\/div><\/div><\/div><div id=\"pg-257-2\"  class=\"panel-grid panel-has-style\" ><div class=\"siteorigin-panels-stretch panel-row-style panel-row-style-for-257-2\" id=\"uccaphist\" data-stretch-type=\"full\" ><div id=\"pgc-257-2-0\"  class=\"panel-grid-cell\" ><div id=\"panel-257-2-0-0\" class=\"so-panel widget widget_sow-editor panel-first-child panel-last-child\" data-index=\"2\" ><div class=\"panel-widget-style panel-widget-style-for-257-2-0-0\" ><div\n\t\t\t\n\t\t\tclass=\"so-widget-sow-editor so-widget-sow-editor-base\"\n\t\t\t\n\t\t>\n<div class=\"siteorigin-widget-tinymce textwidget\">\n\t<p><img loading=\"lazy\" decoding=\"async\" class=\"wp-image-798 alignleft\" src=\"https:\/\/uccap.net\/wp-content\/uploads\/2023\/06\/314-300x238.jpg\" alt=\"\" width=\"394\" height=\"313\" srcset=\"https:\/\/uccap.net\/wp-content\/uploads\/2023\/06\/314-300x238.jpg 300w, https:\/\/uccap.net\/wp-content\/uploads\/2023\/06\/314-1024x812.jpg 1024w, https:\/\/uccap.net\/wp-content\/uploads\/2023\/06\/314-768x609.jpg 768w, https:\/\/uccap.net\/wp-content\/uploads\/2023\/06\/314.jpg 1324w\" sizes=\"(max-width: 394px) 100vw, 394px\" \/><br \/>\nEn el contexto del XXXVII Congreso Interamericano de Psicolog\u00eda de la SIP, celebrado en julio de 2019, en la Habana, Cuba; los presidentes de las Asociaciones de Psicolog\u00eda de Nicaragua, Panam\u00e1, El Salvador, y del Colegio de Psic\u00f3logos de Guatemala; sostuvieron un di\u00e1logo encaminado a conformar una organizaci\u00f3n que los agrupe, a fin de facilitar acciones conjuntas que posibiliten un crecimiento equitativo en todas las organizaciones de la regi\u00f3n.<\/p>\n<p>En noviembre de ese mismo a\u00f1o, aprovechando la Cumbre Internacional de Psicolog\u00eda y Retos Globales, llevada a cabo en Lisboa, convocada por APA y la Orden Portuguesa de Psicolog\u00eda; Roberto Ord\u00f3\u00f1ez, Presidente de la Asociaci\u00f3n Nicarag\u00fcense para el Desarrollo de la Psicolog\u00eda (ANDEPSI)\u00a0 y\u00a0 H\u00e9ctor Delgado Loza, Representante \u00a0del Colegio de Psic\u00f3logos de Guatemala, acordaron unir esfuerzos para materializar lo conversado en Cuba, el mismo mes ANDEPSI y la Asociaci\u00f3n Paname\u00f1a de Psic\u00f3logos, presidida por Christian Tejeira, firman un acuerdo, siendo el principal inter\u00e9s, efectuar acciones concretas para conformar la Uni\u00f3n Centroamericana.<\/p>\n<p>En diciembre de 2019 se suma a la visi\u00f3n el Colegio de Profesionales en Psicolog\u00eda de Costa Rica, en ese momento dirigida por Oscar Valverde y en enero del 2020, se integra el Colegio de Psic\u00f3logos de Honduras, representada por Augusto Aguilar.<\/p>\n<p>El inter\u00e9s de uni\u00f3n en las entidades psicol\u00f3gicas continu\u00f3 firme, trabajando en la planificaci\u00f3n, dise\u00f1o y mejoras constantes de la coordinaci\u00f3n entre los pa\u00edses integrantes, a\u00fan frente a la adversidad del 2020 y 2021 con la pandemia del COVID-19.<\/p>\n<p><img loading=\"lazy\" decoding=\"async\" class=\" wp-image-797 alignright\" src=\"https:\/\/uccap.net\/wp-content\/uploads\/2023\/06\/313-300x225.jpg\" alt=\"\" width=\"479\" height=\"359\" srcset=\"https:\/\/uccap.net\/wp-content\/uploads\/2023\/06\/313-300x225.jpg 300w, https:\/\/uccap.net\/wp-content\/uploads\/2023\/06\/313-1024x768.jpg 1024w, https:\/\/uccap.net\/wp-content\/uploads\/2023\/06\/313-768x576.jpg 768w, https:\/\/uccap.net\/wp-content\/uploads\/2023\/06\/313-1536x1152.jpg 1536w, https:\/\/uccap.net\/wp-content\/uploads\/2023\/06\/313.jpg 1600w\" sizes=\"(max-width: 479px) 100vw, 479px\" \/><\/p>\n<p>Finalmente, en febrero del 2023, la UCCAP realiza su primera asamblea presencial en Tegucigalpa, donde se acuerda que Honduras ser\u00e1 la sede de la naciente Federaci\u00f3n Centroamericana de Psicolog\u00eda. As\u00ed mismo se elige la primera junta directiva conformada por:<\/p>\n<ul>\n<li>Presidente: Dr. Augusto Aguilar, Presidente del Colegio de Psic\u00f3logos de Honduras.<\/li>\n<li>Vicepresidente: Lic. Roberto Ord\u00f3\u00f1ez G., Presidente de la Asociaci\u00f3n Nicarag\u00fcense para el Desarrollo de la Psicolog\u00eda.<\/li>\n<li>Secretario: Mgt. Angelo Arguello, Presidente del Colegio de Profesionales en Psicolog\u00eda de Costa Rica.<\/li>\n<li>Tesorero: Christian Tejeira, Presidente de la Asociaci\u00f3n Paname\u00f1a de Psic\u00f3logos.<\/li>\n<li>Vocal 1: \u00a0Mgt. Ninette De von Ah, Presidenta del Colegio de Psic\u00f3logos de Guatemala.<\/li>\n<li>Vocal 2: \u00a0Lic. Juan Jos\u00e9 Orellana, Presidente de la Asociaci\u00f3n de Psic\u00f3logos Jur\u00eddicos de El Salvador.<\/li>\n<li>Directora Ejecutiva: \u00a0Mgr. Ana Florez, Representante de la Asociaci\u00f3n Paname\u00f1a de Psic\u00f3logos.<\/li>\n<\/ul>\n<p><img loading=\"lazy\" decoding=\"async\" class=\" wp-image-796 alignleft\" src=\"https:\/\/uccap.net\/wp-content\/uploads\/2023\/06\/312-300x169.jpg\" alt=\"\" width=\"465\" height=\"262\" srcset=\"https:\/\/uccap.net\/wp-content\/uploads\/2023\/06\/312-300x169.jpg 300w, https:\/\/uccap.net\/wp-content\/uploads\/2023\/06\/312-1024x576.jpg 1024w, https:\/\/uccap.net\/wp-content\/uploads\/2023\/06\/312-768x432.jpg 768w, https:\/\/uccap.net\/wp-content\/uploads\/2023\/06\/312-1536x864.jpg 1536w, https:\/\/uccap.net\/wp-content\/uploads\/2023\/06\/312.jpg 1600w\" sizes=\"(max-width: 465px) 100vw, 465px\" \/><\/p>\n<p>Participaron en car\u00e1cter de asamble\u00edstas:<\/p>\n<ul>\n<li>Mgt. Rosario M\u00e1rquez, Secretaria de actas del Colegio de Psic\u00f3logos de Honduras.<\/li>\n<li>Mgt. Gloria Samayoa, Vicepresidenta del Colegio de Psic\u00f3logos de Guatemala.<\/li>\n<li>Mgr. Nery Elizabeth Sorto, Vocal de la Asociaci\u00f3n de Psic\u00f3logos Jur\u00eddicos de El Salvador.<\/li>\n<li>Mgt. Laura Bogantes, Secretaria del Colegio de Profesionales en Psicolog\u00eda de Costa Rica.<\/li>\n<\/ul>\n<p>En dicha Asamblea se acuerda celebrar el Primer Congreso Centroamericano de Psicolog\u00eda, y es programado para el 2023, siendo el pa\u00eds sede Honduras.<\/p>\n<\/div>\n<\/div><\/div><\/div><\/div><\/div><\/div><\/div>","protected":false},"excerpt":{"rendered":"<p>Historia En el contexto del XXXVII Congreso Interamericano de Psicolog\u00eda de la SIP, celebrado en julio de 2019, en la Habana, Cuba; los presidentes de las Asociaciones de Psicolog\u00eda de Nicaragua, Panam\u00e1, El Salvador, y del Colegio de Psic\u00f3logos de Guatemala; sostuvieron un di\u00e1logo encaminado a conformar una organizaci\u00f3n que los agrupe, a fin de [&hellip;]<\/p>\n","protected":false},"author":1,"featured_media":0,"parent":0,"menu_order":0,"comment_status":"closed","ping_status":"closed","template":"","meta":{"footnotes":""},"acf":[],"_links":{"self":[{"href":"https:\/\/uccap.net\/index.php?rest_route=\/wp\/v2\/pages\/257"}],"collection":[{"href":"https:\/\/uccap.net\/index.php?rest_route=\/wp\/v2\/pages"}],"about":[{"href":"https:\/\/uccap.net\/index.php?rest_route=\/wp\/v2\/types\/page"}],"author":[{"embeddable":true,"href":"https:\/\/uccap.net\/index.php?rest_route=\/wp\/v2\/users\/1"}],"replies":[{"embeddable":true,"href":"https:\/\/uccap.net\/index.php?rest_route=%2Fwp%2Fv2%2Fcomments&post=257"}],"version-history":[{"count":26,"href":"https:\/\/uccap.net\/index.php?rest_route=\/wp\/v2\/pages\/257\/revisions"}],"predecessor-version":[{"id":2300,"href":"https:\/\/uccap.net\/index.php?rest_route=\/wp\/v2\/pages\/257\/revisions\/2300"}],"wp:attachment":[{"href":"https:\/\/uccap.net\/index.php?rest_route=%2Fwp%2Fv2%2Fmedia&parent=257"}],"curies":[{"name":"wp","href":"https:\/\/api.w.org\/{rel}","templated":true}]}}