{"id":3176,"date":"2025-02-07T20:32:48","date_gmt":"2025-02-07T20:32:48","guid":{"rendered":"https:\/\/uccap.net\/?page_id=3176"},"modified":"2025-02-12T21:18:59","modified_gmt":"2025-02-12T21:18:59","slug":"comite-cientifico","status":"publish","type":"page","link":"https:\/\/uccap.net\/?page_id=3176","title":{"rendered":"Comit\u00e9 Cient\u00edfico"},"content":{"rendered":"<div id=\"pl-3176\"  class=\"panel-layout\" ><div id=\"pg-3176-0\"  class=\"panel-grid panel-has-style\" ><div class=\"siteorigin-panels-stretch panel-row-style panel-row-style-for-3176-0\" data-stretch-type=\"full-stretched\" ><div id=\"pgc-3176-0-0\"  class=\"panel-grid-cell panel-grid-cell-empty\" ><\/div><\/div><\/div><div id=\"pg-3176-1\"  class=\"panel-grid panel-has-style\" ><div class=\"siteorigin-panels-stretch panel-row-style panel-row-style-for-3176-1\" data-stretch-type=\"full-stretched\" ><div id=\"pgc-3176-1-0\"  class=\"panel-grid-cell\" ><div id=\"panel-3176-1-0-0\" class=\"so-panel widget widget_sow-hero panel-first-child panel-last-child\" data-index=\"0\" ><div\n\t\t\t\n\t\t\tclass=\"so-widget-sow-hero so-widget-sow-hero-default-6e283e92799f-3176 so-widget-fittext-wrapper\"\n\t\t\t data-fit-text-compressor=\"0.85\"\n\t\t>\t\t\t\t<div class=\"sow-slider-base\" style=\"display: none\" tabindex=\"0\">\n\t\t\t\t\t<ul\n\t\t\t\t\tclass=\"sow-slider-images\"\n\t\t\t\t\tdata-settings=\"{&quot;pagination&quot;:true,&quot;speed&quot;:800,&quot;timeout&quot;:8000,&quot;paused&quot;:false,&quot;pause_on_hover&quot;:false,&quot;swipe&quot;:true,&quot;nav_always_show_desktop&quot;:&quot;&quot;,&quot;nav_always_show_mobile&quot;:&quot;&quot;,&quot;breakpoint&quot;:&quot;780px&quot;,&quot;unmute&quot;:false,&quot;anchor&quot;:null}\"\n\t\t\t\t\t\t\t\t\t\tdata-anchor-id=\"\"\n\t\t\t\t>\t\t<li class=\"sow-slider-image\" style=\"visibility: visible;;background-color: #333333\" >\n\t\t\t\t\t<div class=\"sow-slider-image-container\">\n\t\t\t<div class=\"sow-slider-image-wrapper\">\n\t\t\t\t<h1 style=\"text-align: center\">Comit\u00e9 Cient\u00edfico<\/h1>\n\t\t\t<\/div>\n\t\t<\/div>\n\t\t\t\t<\/li>\n\t\t<\/ul>\t\t\t\t<ol class=\"sow-slider-pagination\">\n\t\t\t\t\t\t\t\t\t\t\t<li><a href=\"#\" data-goto=\"0\" aria-label=\"mostrar diapositiva 1\"><\/a><\/li>\n\t\t\t\t\t\t\t\t\t<\/ol>\n\n\t\t\t\t<div class=\"sow-slide-nav sow-slide-nav-next\">\n\t\t\t\t\t<a href=\"#\" data-goto=\"next\" aria-label=\"diapositiva siguiente\" data-action=\"next\">\n\t\t\t\t\t\t<em class=\"sow-sld-icon-thin-right\"><\/em>\n\t\t\t\t\t<\/a>\n\t\t\t\t<\/div>\n\n\t\t\t\t<div class=\"sow-slide-nav sow-slide-nav-prev\">\n\t\t\t\t\t<a href=\"#\" data-goto=\"previous\" aria-label=\"diapositiva anterior\" data-action=\"prev\">\n\t\t\t\t\t\t<em class=\"sow-sld-icon-thin-left\"><\/em>\n\t\t\t\t\t<\/a>\n\t\t\t\t<\/div>\n\t\t\t\t<\/div><\/div><\/div><\/div><\/div><\/div><div id=\"pg-3176-2\"  class=\"panel-grid panel-has-style\" ><div class=\"siteorigin-panels-stretch panel-row-style panel-row-style-for-3176-2\" id=\"comite\" data-stretch-type=\"full\" ><div id=\"pgc-3176-2-0\"  class=\"panel-grid-cell\" ><div id=\"panel-3176-2-0-0\" class=\"so-panel widget widget_siteorigin-panels-builder panel-first-child panel-last-child\" data-index=\"1\" ><div id=\"pl-w67ad10430767c\"  class=\"panel-layout\" ><div id=\"pg-w67ad10430767c-0\"  class=\"panel-grid panel-no-style\" ><div id=\"pgc-w67ad10430767c-0-0\"  class=\"panel-grid-cell\" ><div id=\"panel-w67ad10430767c-0-0-0\" class=\"widget_text so-panel widget widget_custom_html panel-first-child panel-last-child\" data-index=\"0\" ><div class=\"textwidget custom-html-widget\"><style>\n        .contenido {\n            font-size: 16px; \/* Tama\u00f1o uniforme para todo el texto *\/\n               }\n<\/style>\n\n<div class=\"contenido\">\n        <p>El Comit\u00e9 Cient\u00edfico del II Congreso Centroamericano de Psicolog\u00eda y 10\u00b0 Congreso Costarricense de Psicolog\u00eda est\u00e1 conformado por un equipo multidisciplinario de profesionales altamente calificados, encargados de garantizar la excelencia acad\u00e9mica y cient\u00edfica del evento.<\/p>\n\n        <br>\n\n        <p><strong>Funciones principales del Comit\u00e9 Cient\u00edfico:<\/strong><\/p>\n\n        <br>\n\n        <ul>\n            <li>Seleccionar y coordinar las ponencias, talleres, y actividades del congreso.<\/li>\n            <li>Asegurar que los contenidos sean relevantes, actuales y de alta calidad.<\/li>\n            <li>Promover la discusi\u00f3n acad\u00e9mica y profesional en torno a los desaf\u00edos y aportes de la psicolog\u00eda en la regi\u00f3n.<\/li>\n            <li>Supervisar el cumplimiento de las pautas establecidas para los formatos de presentaci\u00f3n.<\/li>\n        <\/ul>\n    <\/div><\/div><\/div><\/div><\/div><\/div><\/div><\/div><\/div><\/div><div id=\"pg-3176-3\"  class=\"panel-grid panel-has-style\" ><div class=\"siteorigin-panels-stretch panel-row-style panel-row-style-for-3176-3\" id=\"comite\" data-stretch-type=\"full\" ><div id=\"pgc-3176-3-0\"  class=\"panel-grid-cell panel-grid-cell-empty\" ><\/div><div id=\"pgc-3176-3-1\"  class=\"panel-grid-cell panel-grid-cell-mobile-last\" ><div id=\"panel-3176-3-1-0\" class=\"so-panel widget widget_siteorigin-panels-postloop panel-first-child panel-last-child\" data-index=\"2\" >\n\n<style>\n    .tabs {\n        display: flex;\n        justify-content: flex-start; \/* Ajusta para pantallas grandes *\/\n        position: relative;\n        margin-bottom: 10px;\n    }\n\n    .tab-button {\n        padding: 25px 50px;\n        border: 1px solid #ccc;\n        background-color: blue;\n        color: white;\n        margin-right: 5px;\n        outline: none;\n        transition: background-color 0.3s;\n        border-radius: 10px;\n        font-size: 1.5em;\n        position: relative;\n    }\n\n    .tab-button.active {\n        background-color: #0dcaf0;\n        color: white;\n        font-weight: bold;\n    }\n\n    .tab-button.active::after {\n        content: '';\n        position: absolute;\n        bottom: -10px;\n        left: 50%;\n        transform: translateX(-50%);\n        width: 0; \n        height: 0; \n        border-left: 10px solid transparent; \n        border-right: 10px solid transparent; \n        border-top: 10px solid #0dcaf0; \n    }\n\n    .tab-content {\n        border: 1px solid #ccc;\n        padding: 20px;\n        margin-top: -1px;\n        background-color: white;\n        border-radius: 8px;\n    }\n\n    .tab {\n        display: none;\n    }\n\n    .tab.active {\n        display: block;\n    }\n\n    .card-container {\n    display: flex;\n    flex-wrap: wrap;\n    gap: 20px;\n    justify-content: center; \/* Centrar tarjetas *\/\n}\n\n  .card {\n    background-color: #ffc107;\n    width: 200px; \/* Ancho fijo *\/\n    height: 300px; \/* Altura fija *\/\n    box-shadow: 0 2px 5px rgba(0, 0, 0, 0.2);\n    border: 1px solid #ccc;\n    border-radius: 5px;\n    padding: 10px;\n    display: flex;\n    flex-direction: column;\n    justify-content: space-between;\n    overflow: hidden;\n    transition: transform 0.3s, box-shadow 0.3s;\n}\n\n\n\n    .card:hover {\n        transform: translateY(5px);\n        box-shadow: 0 4px 10px rgba(0, 0, 0, 0.3);\n    }\n\n   .card img {\n    width: 100%; \/* Ocupa todo el ancho de la tarjeta *\/\n    height: 150px; \/* Altura fija para la imagen *\/\n    object-fit: cover; \/* Mantiene la proporci\u00f3n de la imagen *\/\n    border-radius: 5px;\n   object-position: top; \/* Asegura que la parte superior de la imagen se muestre *\/\n}\n\n\n    .card:hover img {\n        filter: brightness(70%);\n    }\n\n   .card-title {\n    font-size: 1.2em;\n    margin: 10px 0;\n    text-align: center;\n}\n\n\n    .card-description {\n    flex-grow: 1;\n    text-align: center;\n    overflow: hidden; \/* Evitar desbordamiento de texto *\/\n    text-overflow: ellipsis; \/* A\u00f1adir puntos suspensivos si es necesario *\/\n    white-space: nowrap; \/* Evitar saltos de l\u00ednea *\/\n}\n\n    .card-button {\n        background-color: blue;\n        color: white;\n        border: none;\n        padding: 10px;\n        border-radius: 5px;\n        cursor: pointer;\n        width: 100%;\n        transition: background-color 0.3s;\n    }\n\n    .card:hover .card-button {\n        background-color: #0dcaf0;\n    }\n\n  \/* Media Queries para dispositivos m\u00f3viles *\/\n    @media (max-width: 768px) {\n        .tabs {\n            justify-content: center;\n        }\n\n        .tab-button {\n            padding: 15px 30px;\n            font-size: 1.2em;\n        }\n\n        .card img {\n            height: 120px; \/* Ajuste para pantallas medianas *\/\n            object-fit: contain;\n        }\n    }\n\n    @media (max-width: 480px) {\n        .tabs {\n            justify-content: center;\n        }\n\n        .tab-button {\n            padding: 10px 20px;\n            font-size: 1em;\n        }\n\n        .card img {\n            height: 100px; \/* Ajuste para pantallas peque\u00f1as *\/\n        }\n    }\n\n    .divider {\n        height: 5px;\n        background-color: #da121a;\n        margin: 20px 0;\n    }\n\n<\/style>\n\n\n    <div class=\"tabs\">\n        <button class=\"tab-button active\" onclick=\"showTab('tab1')\">Colegio de Profesionales en Psicolog\u00eda<\/button>        \n        <button class=\"tab-button\" onclick=\"showTab('tab2')\">Universidad Aut\u00f3noma de Centro Am\u00e9rica<\/button>\n        <button class=\"tab-button\" onclick=\"showTab('tab3')\">Subcomit\u00e9 Evaluador<\/button>\n    <\/div>\n    <div class=\"tab-content\">\n        \n     <div id=\"tab1\" class=\"tab active\">\n            <br>\n            <h2 style=\"text-align:center;\">Integrantes<\/h2>\n            <p style=\"text-align:center;\">Gracias al compromiso y experiencia de este equipo, el congreso promete ser un espacio enriquecedor y de gran impacto para la comunidad de psic\u00f3logos y psic\u00f3logas de la regi\u00f3n. <\/p>\n\n             <div class=\"divider\"><\/div>\n\t\t\n\n            <div class=\"card-container\">\n               <div class=\"card\">\n            <img decoding=\"async\" src=\"https:\/\/psicologiacr.com\/wp-content\/uploads\/2023\/02\/Ginette-Web-300x300.jpg\" alt=\"Foto Ginnette\">\n            <h3 class=\"card-title\">Ginette S\u00e1nchez Guti\u00e9rrez<\/h3>\n            <p class=\"card-description\">Editora RCPs<\/p>\n            <button class=\"card-button\">Coordinaci\u00f3n General<\/button>\n        <\/div>\n          \n     \n        <div class=\"card\">\n            <img decoding=\"async\" src=\"http:\/\/uccap.net\/wp-content\/uploads\/2024\/10\/lindsay2-300x300-1.jpg\" alt=\"Foto Lindsay\">\n            <h3 class=\"card-title\">Lindsay Tencio Villafuerte<\/h3>\n            <p class=\"card-description\">Coordinadora CIREC<\/p>\n            <button class=\"card-button\">Costa Rica<\/button>\n        <\/div>\n        <div class=\"card\">\n            <img decoding=\"async\" src=\"http:\/\/uccap.net\/wp-content\/uploads\/2024\/10\/sue-helen-300x300-1.jpg\" alt=\"Foto Sue\">\n            <h3 class=\"card-title\">Sue Helen Rold\u00e1n Castro<\/h3>\n            <p class=\"card-description\">Subcoordinadora CIREC<\/p>\n            <button class=\"card-button\">Costa Rica<\/button>\n        <\/div>\n\n\n\n        <div class=\"card\">\n            <img decoding=\"async\" src=\"http:\/\/uccap.net\/wp-content\/uploads\/2024\/10\/cristina-300x300-1.jpg\" alt=\"Foto Cristina\">\n            <h3 class=\"card-title\">Cristina Monge Vargas<\/h3>\n            <p class=\"card-description\">Fiscal Adjunta CPPCR<\/p>\n            <button class=\"card-button\">Costa Rica<\/button>\n        <\/div>\n\n        <div class=\"card\">\n            <img decoding=\"async\" src=\"http:\/\/uccap.net\/wp-content\/uploads\/2024\/10\/josue-300x300-1.jpg\" alt=\"Foto Josue\">\n            <h3 class=\"card-title\">Josu\u00e9 Leiva Padilla<\/h3>\n            <p class=\"card-description\">Asistente RCPs<\/p>\n            <button class=\"card-button\">Costa Rica<\/button>\n        <\/div>\n\n            <\/div>\n        <\/div>\n\n\n\n          <div id=\"tab2\" class=\"tab\">\n    <br>\n    <h2 style=\"text-align:center;\">Integrantes<\/h2>\n    <p style=\"text-align:center;\">\n\nGracias al compromiso y experiencia de este equipo, el congreso promete ser un espacio enriquecedor y de gran impacto para la comunidad de psic\u00f3logos y psic\u00f3logas de la regi\u00f3n.\n<\/p>\n    <div class=\"divider\"><\/div>\n    <div class=\"card-container\">\n        <div class=\"card\">\n            <img decoding=\"async\" src=\"https:\/\/uccap.net\/wp-content\/uploads\/2025\/02\/Rosa.jpg\" alt=\"Foto Rosa\">\n            <h3 class=\"card-title\">Dra. Rosa Alvarado Mata<\/h3>\n            <p class=\"card-description\"><\/p>\n            <button class=\"card-button\">UACA<\/button>\n        <\/div>\n        <div class=\"card\">\n            <img decoding=\"async\" src=\"https:\/\/uccap.net\/wp-content\/uploads\/2025\/02\/Maria-Jesus.jpg\" alt=\"Imagen 2\">\n            <h3 class=\"card-title\">Dra. Mar\u00eda Jes\u00fas Mora<\/h3>\n            <p class=\"card-description\"><\/p>\n            <button class=\"card-button\">UACA<\/button>\n        <\/div>\n        <div class=\"card\">\n            <img decoding=\"async\" src=\"https:\/\/uccap.net\/wp-content\/uploads\/2025\/02\/icono-color.png\" alt=\"Imagen 3\">\n            <h3 class=\"card-title\">Dra. Eugenia Rodr\u00edguez Ugalde<\/h3>\n            <p class=\"card-description\"><\/p>\n            <button class=\"card-button\">UACA<\/button>\n        <\/div>\n        <div class=\"card\">\n            <img decoding=\"async\" src=\"https:\/\/uccap.net\/wp-content\/uploads\/2025\/02\/icono-color.png\" alt=\"Imagen 4\">\n            <h3 class=\"card-title\">Dra. Shirley Barquero G\u00f3mez<\/h3>\n            <p class=\"card-description\"><\/p>\n            <button class=\"card-button\">UACA<\/button>\n        <\/div>\n        <div class=\"card\">\n            <img decoding=\"async\" src=\"https:\/\/uccap.net\/wp-content\/uploads\/2025\/02\/Javier-Rivera4.png\" alt=\"Imagen 5\">\n            <h3 class=\"card-title\">Dr. Javier Rivera Fern\u00e1ndez<\/h3>\n            <p class=\"card-description\"><\/p>\n            <button class=\"card-button\">UACA<\/button>\n        <\/div>       \n      \n\t\n            <\/div>\n        <\/div>\n\n\n  <div id=\"tab3\" class=\"tab\">\n    <br>\n    <h2 style=\"text-align:center;\">Integrantes<\/h2>\n    <p style=\"text-align:center;\">\n\nGracias al compromiso y experiencia de este equipo, el congreso promete ser un espacio enriquecedor y de gran impacto para la comunidad de psic\u00f3logos y psic\u00f3logas de la regi\u00f3n.\n<\/p>\n    <div class=\"divider\"><\/div>\n    <div class=\"card-container\">\n\n        <div class=\"card\">\n            <img decoding=\"async\" src=\"https:\/\/uccap.net\/wp-content\/uploads\/2025\/02\/icono-color.png\" alt=\"Logo UCCAP\">\n            <h3 class=\"card-title\"> Dr.Manuel Mart\u00ednez Herrera<\/h3>\n            <p class=\"card-description\">Editor en Jefe RCPs.<\/p>\n            <button class=\"card-button\">Costa Rica<\/button>\n        <\/div>\n\n\t\t<div class=\"card\">\n            <img decoding=\"async\" src=\"https:\/\/uccap.net\/wp-content\/uploads\/2025\/02\/icono-color.png\" alt=\"Logo UCCAP\">\n            <h3 class=\"card-title\"> Luis Diego Conejo Bola\u00f1os<\/h3>\n            <p class=\"card-description\">Consejo Editorial RCPs<\/p>\n            <button class=\"card-button\">Costa Rica<\/button>\n        <\/div>\n\n<div class=\"card\">\n            <img decoding=\"async\" src=\"https:\/\/uccap.net\/wp-content\/uploads\/2025\/02\/icono-color.png\" alt=\"Logo UCCAP\">\n            <h3 class=\"card-title\"> Vanessa Smith-Castro<\/h3>\n            <p class=\"card-description\">Consejo Editorial RCPs<\/p>\n            <button class=\"card-button\">Costa Rica<\/button>\n        <\/div>\n\n<div class=\"card\">\n            <img decoding=\"async\" src=\"https:\/\/uccap.net\/wp-content\/uploads\/2025\/02\/icono-color.png\" alt=\"Logo UCCAP\">\n            <h3 class=\"card-title\">Javier Tapia Valladares<\/h3>\n            <p class=\"card-description\">Consejo Editorial RCPs<\/p>\n            <button class=\"card-button\">Costa Rica<\/button>\n        <\/div>\n\n\n\n     <\/div>\n\n <\/div>\n\n\n\n\n    <\/div>\n\n    <script>\n        function showTab(tabId) {\n            const tabs = document.querySelectorAll('.tab');\n            const buttons = document.querySelectorAll('.tab-button');\n\n            tabs.forEach(tab => {\n                tab.classList.remove('active');\n            });\n            \n            buttons.forEach(button => {\n                button.classList.remove('active');\n            });\n\n            document.getElementById(tabId).classList.add('active');\n            document.querySelector(`.tab-button[onclick=\"showTab('${tabId}')\"]`).classList.add('active');\n        }\n    <\/script><\/div><\/div><div id=\"pgc-3176-3-2\"  class=\"panel-grid-cell panel-grid-cell-empty\" ><\/div><\/div><\/div><\/div>","protected":false},"excerpt":{"rendered":"<p>Comit\u00e9 Cient\u00edfico El Comit\u00e9 Cient\u00edfico del II Congreso Centroamericano de Psicolog\u00eda y 10\u00b0 Congreso Costarricense de Psicolog\u00eda est\u00e1 conformado por un equipo multidisciplinario de profesionales altamente calificados, encargados de garantizar la excelencia acad\u00e9mica y cient\u00edfica del evento. Funciones principales del Comit\u00e9 Cient\u00edfico: Seleccionar y coordinar las ponencias, talleres, y actividades del congreso. Asegurar que los [&hellip;]<\/p>\n","protected":false},"author":2,"featured_media":0,"parent":0,"menu_order":0,"comment_status":"closed","ping_status":"closed","template":"","meta":{"footnotes":""},"acf":[],"_links":{"self":[{"href":"https:\/\/uccap.net\/index.php?rest_route=\/wp\/v2\/pages\/3176"}],"collection":[{"href":"https:\/\/uccap.net\/index.php?rest_route=\/wp\/v2\/pages"}],"about":[{"href":"https:\/\/uccap.net\/index.php?rest_route=\/wp\/v2\/types\/page"}],"author":[{"embeddable":true,"href":"https:\/\/uccap.net\/index.php?rest_route=\/wp\/v2\/users\/2"}],"replies":[{"embeddable":true,"href":"https:\/\/uccap.net\/index.php?rest_route=%2Fwp%2Fv2%2Fcomments&post=3176"}],"version-history":[{"count":5,"href":"https:\/\/uccap.net\/index.php?rest_route=\/wp\/v2\/pages\/3176\/revisions"}],"predecessor-version":[{"id":3197,"href":"https:\/\/uccap.net\/index.php?rest_route=\/wp\/v2\/pages\/3176\/revisions\/3197"}],"wp:attachment":[{"href":"https:\/\/uccap.net\/index.php?rest_route=%2Fwp%2Fv2%2Fmedia&parent=3176"}],"curies":[{"name":"wp","href":"https:\/\/api.w.org\/{rel}","templated":true}]}}