{"id":3203,"date":"2025-02-12T22:09:23","date_gmt":"2025-02-12T22:09:23","guid":{"rendered":"https:\/\/uccap.net\/?page_id=3203"},"modified":"2025-03-04T20:57:32","modified_gmt":"2025-03-04T20:57:32","slug":"modalidades-de-presentacion","status":"publish","type":"page","link":"https:\/\/uccap.net\/?page_id=3203","title":{"rendered":"Modalidades de Presentaci\u00f3n"},"content":{"rendered":"<div id=\"pl-3203\"  class=\"panel-layout\" ><div id=\"pg-3203-0\"  class=\"panel-grid panel-has-style\" ><div class=\"siteorigin-panels-stretch panel-row-style panel-row-style-for-3203-0\" data-stretch-type=\"full-stretched\" ><div id=\"pgc-3203-0-0\"  class=\"panel-grid-cell panel-grid-cell-empty\" ><\/div><\/div><\/div><div id=\"pg-3203-1\"  class=\"panel-grid panel-has-style\" ><div class=\"siteorigin-panels-stretch panel-row-style panel-row-style-for-3203-1\" data-stretch-type=\"full-stretched\" ><div id=\"pgc-3203-1-0\"  class=\"panel-grid-cell\" ><div id=\"panel-3203-1-0-0\" class=\"so-panel widget widget_sow-hero panel-first-child panel-last-child\" data-index=\"0\" ><div\n\t\t\t\n\t\t\tclass=\"so-widget-sow-hero so-widget-sow-hero-default-6e283e92799f-3203 so-widget-fittext-wrapper\"\n\t\t\t data-fit-text-compressor=\"0.85\"\n\t\t>\t\t\t\t<div class=\"sow-slider-base\" style=\"display: none\" tabindex=\"0\">\n\t\t\t\t\t<ul\n\t\t\t\t\tclass=\"sow-slider-images\"\n\t\t\t\t\tdata-settings=\"{&quot;pagination&quot;:true,&quot;speed&quot;:800,&quot;timeout&quot;:8000,&quot;paused&quot;:false,&quot;pause_on_hover&quot;:false,&quot;swipe&quot;:true,&quot;nav_always_show_desktop&quot;:&quot;&quot;,&quot;nav_always_show_mobile&quot;:&quot;&quot;,&quot;breakpoint&quot;:&quot;780px&quot;,&quot;unmute&quot;:false,&quot;anchor&quot;:null}\"\n\t\t\t\t\t\t\t\t\t\tdata-anchor-id=\"\"\n\t\t\t\t>\t\t<li class=\"sow-slider-image\" style=\"visibility: visible;;background-color: #333333\" >\n\t\t\t\t\t<div class=\"sow-slider-image-container\">\n\t\t\t<div class=\"sow-slider-image-wrapper\">\n\t\t\t\t<h1 style=\"text-align: center\">Modalidades de Presentaci\u00f3n<\/h1>\n\t\t\t<\/div>\n\t\t<\/div>\n\t\t\t\t<\/li>\n\t\t<\/ul>\t\t\t\t<ol class=\"sow-slider-pagination\">\n\t\t\t\t\t\t\t\t\t\t\t<li><a href=\"#\" data-goto=\"0\" aria-label=\"mostrar diapositiva 1\"><\/a><\/li>\n\t\t\t\t\t\t\t\t\t<\/ol>\n\n\t\t\t\t<div class=\"sow-slide-nav sow-slide-nav-next\">\n\t\t\t\t\t<a href=\"#\" data-goto=\"next\" aria-label=\"diapositiva siguiente\" data-action=\"next\">\n\t\t\t\t\t\t<em class=\"sow-sld-icon-thin-right\"><\/em>\n\t\t\t\t\t<\/a>\n\t\t\t\t<\/div>\n\n\t\t\t\t<div class=\"sow-slide-nav sow-slide-nav-prev\">\n\t\t\t\t\t<a href=\"#\" data-goto=\"previous\" aria-label=\"diapositiva anterior\" data-action=\"prev\">\n\t\t\t\t\t\t<em class=\"sow-sld-icon-thin-left\"><\/em>\n\t\t\t\t\t<\/a>\n\t\t\t\t<\/div>\n\t\t\t\t<\/div><\/div><\/div><\/div><\/div><\/div><div id=\"pg-3203-2\"  class=\"panel-grid panel-has-style\" ><div class=\"siteorigin-panels-stretch panel-row-style panel-row-style-for-3203-2\" id=\"comite\" data-stretch-type=\"full\" ><div id=\"pgc-3203-2-0\"  class=\"panel-grid-cell\" ><div id=\"panel-3203-2-0-0\" class=\"so-panel widget widget_siteorigin-panels-builder panel-first-child panel-last-child\" data-index=\"1\" ><div id=\"pl-w67c7693c5894f\"  class=\"panel-layout\" ><div id=\"pg-w67c7693c5894f-0\"  class=\"panel-grid panel-no-style\" ><div id=\"pgc-w67c7693c5894f-0-0\"  class=\"panel-grid-cell\" ><div id=\"panel-w67c7693c5894f-0-0-0\" class=\"widget_text so-panel widget widget_custom_html panel-first-child panel-last-child\" data-index=\"0\" ><div class=\"textwidget custom-html-widget\">Criterios de calidad para evaluar propuestas de ponencias, p\u00f3ster, talleres, demostraciones, paneles de discusi\u00f3n <br><br>\n\n<strong>Fecha de convocatoria: <\/strong>07 de marzo al 01 de abril de 2025.<br>\n<strong>Correo de contacto para el env\u00edo de propuestas:<\/strong> comitecientifico@uccap.net <br><br>\n\n<strong><a href=\"https:\/\/docs.google.com\/forms\/d\/e\/1FAIpQLSefBQ_6HyKBuuRRb6a8hOjXGcAxx6AHpHKsvazjw3TzK86ngg\/viewform\" target=\"_blank\" rel=\"noopener\">Para Registro de ponencias, p\u00f3ster y talleres haga clic aqu\u00ed<\/a><\/strong><br><br>\n\nEl Comit\u00e9 Cient\u00edfico del II Congreso Centroamericano de Psicolog\u00eda & 10\u00b0 Congreso Costarricense de Psicolog\u00eda presenta los criterios de calidad para valorar las propuestas en las distintas modalidades de participaci\u00f3n. A continuaci\u00f3n, se desglosan seg\u00fan cada tipo de participaci\u00f3n.<\/div><\/div><\/div><\/div><\/div><\/div><\/div><\/div><\/div><div id=\"pg-3203-3\"  class=\"panel-grid panel-has-style\" ><div class=\"siteorigin-panels-stretch panel-row-style panel-row-style-for-3203-3\" id=\"comite\" data-stretch-type=\"full\" ><div id=\"pgc-3203-3-0\"  class=\"panel-grid-cell panel-grid-cell-empty\" ><\/div><div id=\"pgc-3203-3-1\"  class=\"panel-grid-cell panel-grid-cell-mobile-last\" ><div id=\"panel-3203-3-1-0\" class=\"so-panel widget widget_siteorigin-panels-postloop panel-first-child panel-last-child\" data-index=\"2\" >\n\n\n<style>\n        \n        details {\n            margin-bottom: 20px;\n            border: 2px solid #ccc;\n            border-radius: 8px;\n            overflow: hidden;\n            padding: 10px;\n            transition: all 0.3s ease;\n            max-width: 100%; \n        }\n\n        summary {\n            font-size: 1.1em;\n            font-weight: bold;\n            cursor: pointer;\n            color: #333;\n            padding: 10px;\n            border-radius: 5px;\n            background-color: #f1f1f1;\n            transition: background-color 0.3s ease, transform 0.3s ease;\n            overflow: hidden; \n        }\n\n        summary:hover {\n            background-color:#020381;\n            color: white;           \n            transform: none;\n        }\n\n        .content {\n            font-size: 1em; \n            margin-left: 20px;\n            display: none;\n            padding: 10px;\n            overflow: hidden; \n          text-align:justify;\n        }\n\n       \n        details[open] .content {\n            display: block;\n            animation: slideDown 0.5s ease-out;\n        }\n\n      \n        @keyframes slideDown {\n            from {\n                opacity: 0;\n                transform: translateY(-10px);\n            }\n            to {\n                opacity: 1;\n                transform: translateY(0);\n            }\n        }\n\n      \n        body {\n            font-size: 1rem;\n            font-family: Arial, sans-serif;\n            line-height: 1.5;\n        }\n\n    <\/style>\n\n\n<details>\n        <summary>Presentaci\u00f3n Oral o Conferencia Magistral<\/summary>\n        <div class=\"content\">\n            <p><strong>Descripci\u00f3n:<\/strong><br><br>\n            Presentaci\u00f3n oral de 1 hora aproximadamente por parte de expositores(as) con experiencia en temas relevantes para el congreso, seguida de una sesi\u00f3n de discusi\u00f3n con las personas participantes. La organizaci\u00f3n extiende invitaci\u00f3n a estas personas expositoras por su gran trayectoria en el tema.<\/p>\n        <\/div>\n    <\/details>\n\n    <details>\n        <summary>Ponencia<\/summary>\n        <div class=\"content\">\n            <p><strong>Descripci\u00f3n:<\/strong><br><br>\n            Es una presentaci\u00f3n oral y de discusi\u00f3n con el p\u00fablico, com\u00fanmente complementado con una presentaci\u00f3n de diapositivas en PowerPoint, Canva, u otros medios similares. Duraci\u00f3n aproximada de 20 minutos, seguida de una sesi\u00f3n de discusi\u00f3n de 15 minutos con las personas participantes.<\/p><br>\n            <p><strong>Requisitos:<\/strong><\/p><br>\n            <ul>\n                <li><strong>T\u00edtulo:<\/strong> No mayor a 12 palabras.<\/li>\n                <li><strong>Autor(es):<\/strong> Afiliaci\u00f3n institucional, puesto de trabajo, correo electr\u00f3nico de contacto.<\/li>\n                <li><strong>Eje tem\u00e1tico:<\/strong> Definir el eje tem\u00e1tico de la ponencia.<\/li>\n                <li><strong>Resumen:<\/strong> 300-500 palabras indicando: objetivo (hip\u00f3tesis si corresponde), principios te\u00f3ricos y metodol\u00f3gicos, resultados y conclusiones.<\/li>\n                <li><strong>Formato:<\/strong> \n                    <ul>\n                        <li>Letra: Times New Roman 12 pts, espacio sencillo, justificado.<\/li>\n                        <li>T\u00edtulo en negrita, autores sus datos alineaci\u00f3n derecha.<\/li>\n                    <\/ul>\n                <\/li>\n            <\/ul>\n        <\/div>\n    <\/details>\n\n    <details>\n        <summary>P\u00f3ster<\/summary>\n        <div class=\"content\">\n            <p><strong>Descripci\u00f3n:<\/strong><br><br>\n            Se trata de una exhibici\u00f3n de carteles o p\u00f3steres que visualmente ilustran los aspectos clave de una investigaci\u00f3n realizada. Durante esta sesi\u00f3n, los y las expositoras interact\u00faan con las personas asistentes, con la finalidad de brindar excelentes oportunidades para establecer contactos, debatir y construir relaciones. Es fundamental que los y las autoras de los p\u00f3steres est\u00e9n disponibles en persona para presentar sus investigaciones y responder las preguntas de la audiencia. Adem\u00e1s, es importante que todos los p\u00f3steres cumplan con la plantilla y las pautas establecidas por el Comit\u00e9 Cient\u00edfico del congreso.<\/p><br>\n            <p><strong>Requisitos:<\/strong><\/p><br>\n            <ul>\n                <li><strong>T\u00edtulo:<\/strong> Preferible su extensi\u00f3n no mayor a 12 palabras<\/li>\n                <li><strong>Resumen:<\/strong> 300-500 palabras indicando: objetivo (hip\u00f3tesis si corresponde), principios te\u00f3ricos y metodol\u00f3gicos, resultados y conclusiones.<\/li>\n                <li><strong>Formato de presentaci\u00f3n:<\/strong> \n                    <ul>\n                        <li>Principios b\u00e1sicos de dise\u00f1o gr\u00e1fico, ubicaci\u00f3n espacial, contraste, tipograf\u00edas legibles (a libre elecci\u00f3n, no m\u00e1s de dos tipograf\u00edas) gr\u00e1ficos o tablas con colores con contraste con el fondo, evitar sobrecargar informaci\u00f3n. <\/li>\n                        <li>Formato seg\u00fan APA 7\u00aa edici\u00f3n para citas, referencias, tablas y figuras.<\/li>\n                    <\/ul>\n                <\/li>\n            <\/ul>\n        <\/div>\n    <\/details>\n\n    <details>\n        <summary>Talleres<\/summary>\n        <div class=\"content\">\n            <p><strong>Descripci\u00f3n:<\/strong><br><br>\n            Los talleres ofrecen la oportunidad de explorar temas espec\u00edficos en profundidad y de manera vivencial. Estas sesiones especializadas, que generalmente tienen una duraci\u00f3n de aproximadamente 1 hora y 30 minutos, est\u00e1n dise\u00f1adas para fomentar la interacci\u00f3n activa y el aprendizaje vivencial. Se requiere inscripci\u00f3n.<br><br>\nEsta modalidad permite a las personas asistentes participar en actividades, discusiones grupales y reflexiones vivenciales. Las personas facilitadoras, expertas en el tema, gu\u00edan a las personas participantes a trav\u00e9s de experiencias vivenciales. El taller puede extenderse hasta por 2 horas como m\u00e1ximo siempre y cuando haya disponibilidad de tiempo y espacio.\n<\/p><br>\n            <p><strong>Requisitos:<\/strong><\/p><br>\n            <ul>\n                <li><strong>Facilitadores:<\/strong> Nombre completo y resumen de calidades m\u00e1ximo 100 palabras.<\/li>\n                <li><strong>Tema:<\/strong> T\u00edtulo no mayor a 10 palabras.<\/li>\n\t\t<li><strong>Eje Tem\u00e1tico:<\/strong> Eje tem\u00e1tico al que corresponde<\/li>\n                <li><strong>Resumen:<\/strong> Entre 150 y 300 palabras que contengan fundamento te\u00f3rico, objetivo y metodolog\u00eda.<\/li>\t        \n                <li><strong>Duraci\u00f3n:<\/strong> 2 horas m\u00e1ximo<\/li>\n                <li><strong>Modalidad:<\/strong> Virtual o presencial.<\/li>\n                <li><strong>Cantidad de personas participantes::<\/strong> Se sugiere que para la modalidad virtual 20 personas sea el m\u00e1ximo y para lo presencial el m\u00e1ximo sea 30 personas.<\/li>\n                <li><strong>Cronograma:<\/strong> Documento en PDF que contenga en una tabla: actividad, tiempos establecidos para cada actividad, objetivo y recursos a utilizar.<\/li>\n                <li><strong>Requerimientos a nivel de espacio f\u00edsico\/virtual y recursos:<\/strong> Creaci\u00f3n de salas u otras herramientas en caso de lo virtual o bien, en modalidad presencial, proyector, sonido, organizaci\u00f3n del sal\u00f3n, o alg\u00fan otro requerimiento espec\u00edfico.<\/li>\n            <\/ul>\n        <\/div>\n    <\/details>\n\n    <details>\n        <summary>Demostraciones Did\u00e1cticas de Materiales Innovadores<\/summary>\n        <div class=\"content\" style=\"text-align:justify;\">\n            <p><strong>Descripci\u00f3n:<\/strong><br><br>\n           Estas sesiones pr\u00e1cticas y aplicadas ofrecen un detallado paso a paso sobre c\u00f3mo implementar por medio de materiales did\u00e1cticos e innovadores distintas aplicaciones que se relacionen con el ejercicio profesional de la psicolog\u00eda. Se realizan demostraciones en vivo, presentando a las personas asistentes los alcances y limitaciones. La duraci\u00f3n de estas sesiones es de 30 minutos a 1 hora como m\u00e1ximo.<\/p><br>\n            <p><strong>Aspectos a valorar:<\/strong><\/p><br>\n            <ul>\n                <li>Duraci\u00f3n de la demostraci\u00f3n<\/li>\n                <li>Formato<\/li>\n                <li>Tipo de espacio requerido<\/li>\n                <li>Cantidad de personas (m\u00ednimos y m\u00e1ximos)<\/li>\n                <li>Equipamiento tecnol\u00f3gico requerido para la presentaci\u00f3n.<\/li>\n                <li>Tipo de materiales did\u00e1cticos innovadores.<\/li>\n\t\t<li>Objetos espec\u00edficos de la demostraci\u00f3n<\/li>\n\t\t<li>Nivel de interacci\u00f3n<\/li>\n\t        <li>Consideraciones \u00e9ticas<\/li>\n\t\t<li>Brochure informativo<\/li>\n            <\/ul>\n        <\/div>\n    <\/details>\n\n    <details>\n        <summary>Panel de Discusi\u00f3n o Conversatorio<\/summary>\n        <div class=\"content\" style=\"text-align:justify;\">\n            <p><strong>Descripci\u00f3n:<\/strong><br><br>\n            Los conversatorios son coordinados por el Comit\u00e9 Cient\u00edfico, con el prop\u00f3sito de fomentar una discusi\u00f3n interactiva y enriquecedora sobre un tema espec\u00edfico de inter\u00e9s para la comunidad acad\u00e9mica y profesional. Estos encuentros representan un espacio para el intercambio de ideas, el debate colaborativo y la exploraci\u00f3n profunda de temas relevantes en el \u00e1mbito del ejercicio profesional. La duraci\u00f3n aproximada de estas sesiones es de 1 hora y 30 minutos.<\/p><br>\n            <p><strong>Caracter\u00edsticas de un panel de discusi\u00f3n:<\/strong><\/p><br>\n            <ul>\n                <li><strong>Cuenta con 2 o m\u00e1s panelistas invitados (m\u00e1ximo de 5 panelistas)<\/strong>, para generar un contraste o diversidad de opiniones, y un moderador o coordinador que conduzca el debate <\/li>\n                <li><strong>Ofrece a cada panelista una oportunidad de exponer sus argumentos <\/strong> de manera coordinada y sin interrupciones, que no suele superar los 10 o 15 minutos. Posteriormente, se produce el debate, en el que se permite el libre intercambio de argumentos, la interrupci\u00f3n y la r\u00e9plica constructiva<\/li>\n                <li><strong>Cada panelista defiende un punto de vista <\/strong> respecto al tema, ampli\u00e1ndolo cuando as\u00ed lo considere necesario. <\/li>\n                <li>La participaci\u00f3n del p\u00fablico suele definirse hacia el final del debate y exposici\u00f3n de panelistas abriendo un espacio de discusi\u00f3n. <\/li>\n<li>El evento termina con formulaci\u00f3n de conclusiones conjuntas y alg\u00fan acuerdo o determinaci\u00f3n. <\/li>\n            <\/ul>\n\n\n <p><strong>Elementos de un panel de discusi\u00f3n:<\/strong><\/p><br>\n            <ul>\n                <li><strong>Los panelistas o invitados <\/strong>, quienes representan en el debate los diferentes puntos de vista sobre la materia que habr\u00e1n de contrastarse. Cada uno deber\u00e1 tener una oportunidad de exponer sus ideas sin interrupciones, y luego la oportunidad de defenderlos argumentalmente de cara a los dem\u00e1s panelistas.<\/li>\n                <li><strong>El moderador (a) o coordinador (a)<\/strong>, generalmente uno solo, es el encargado de velar por las formas y la ecuanimidad tanto en la exposici\u00f3n como en el debate, administrando el tiempo disponible a cada quien y sirviendo de puente entre los especialistas y el p\u00fablico a la hora de hacer preguntas.<\/li>\n                <li><strong>Un p\u00fablico interesado<\/strong>, cuya naturaleza puede ser muy diversa, pero que constituye el receptor \u00faltimo de las ideas expuestas durante el debate. Al t\u00e9rmino del panel, el p\u00fablico se llevar\u00e1 las conclusiones obtenidas y las respuestas a las preguntas que haya formulado. <\/li>\n               \n\t\t\n            <\/ul>\n\n <p>En esta modalidad de participaci\u00f3n el Comit\u00e9 Cient\u00edfico del congreso propondr\u00e1 los temas para panel de discusi\u00f3n o conversatorio de acuerdo a los ejes tem\u00e1ticos, su relevancia y en consonancia con el objetivo del congreso. <\/p>\n\n\n\n\n        <\/div>\n    <\/details>\n\n\n<\/div><\/div><div id=\"pgc-3203-3-2\"  class=\"panel-grid-cell panel-grid-cell-empty\" ><\/div><\/div><\/div><\/div>","protected":false},"excerpt":{"rendered":"<p>Modalidades de Presentaci\u00f3n Criterios de calidad para evaluar propuestas de ponencias, p\u00f3ster, talleres, demostraciones, paneles de discusi\u00f3n Fecha de convocatoria: 07 de marzo al 01 de abril de 2025. Correo de contacto para el env\u00edo de propuestas: comitecientifico@uccap.net Para Registro de ponencias, p\u00f3ster y talleres haga clic aqu\u00ed El Comit\u00e9 Cient\u00edfico del II Congreso Centroamericano [&hellip;]<\/p>\n","protected":false},"author":2,"featured_media":0,"parent":0,"menu_order":0,"comment_status":"closed","ping_status":"closed","template":"","meta":{"footnotes":""},"acf":[],"_links":{"self":[{"href":"https:\/\/uccap.net\/index.php?rest_route=\/wp\/v2\/pages\/3203"}],"collection":[{"href":"https:\/\/uccap.net\/index.php?rest_route=\/wp\/v2\/pages"}],"about":[{"href":"https:\/\/uccap.net\/index.php?rest_route=\/wp\/v2\/types\/page"}],"author":[{"embeddable":true,"href":"https:\/\/uccap.net\/index.php?rest_route=\/wp\/v2\/users\/2"}],"replies":[{"embeddable":true,"href":"https:\/\/uccap.net\/index.php?rest_route=%2Fwp%2Fv2%2Fcomments&post=3203"}],"version-history":[{"count":13,"href":"https:\/\/uccap.net\/index.php?rest_route=\/wp\/v2\/pages\/3203\/revisions"}],"predecessor-version":[{"id":3208,"href":"https:\/\/uccap.net\/index.php?rest_route=\/wp\/v2\/pages\/3203\/revisions\/3208"}],"wp:attachment":[{"href":"https:\/\/uccap.net\/index.php?rest_route=%2Fwp%2Fv2%2Fmedia&parent=3203"}],"curies":[{"name":"wp","href":"https:\/\/api.w.org\/{rel}","templated":true}]}}