{"id":3319,"date":"2025-02-14T16:39:54","date_gmt":"2025-02-14T16:39:54","guid":{"rendered":"https:\/\/uccap.net\/?page_id=3319"},"modified":"2025-02-14T16:52:50","modified_gmt":"2025-02-14T16:52:50","slug":"mapa","status":"publish","type":"page","link":"https:\/\/uccap.net\/?page_id=3319","title":{"rendered":"Mapa de sitio"},"content":{"rendered":"<div id=\"pl-3319\"  class=\"panel-layout\" ><div id=\"pg-3319-0\"  class=\"panel-grid panel-has-style\" ><div class=\"siteorigin-panels-stretch panel-row-style panel-row-style-for-3319-0\" data-stretch-type=\"full-stretched\" ><div id=\"pgc-3319-0-0\"  class=\"panel-grid-cell panel-grid-cell-empty\" ><\/div><\/div><\/div><div id=\"pg-3319-1\"  class=\"panel-grid panel-has-style\" ><div class=\"siteorigin-panels-stretch panel-row-style panel-row-style-for-3319-1\" data-stretch-type=\"full-stretched\" ><div id=\"pgc-3319-1-0\"  class=\"panel-grid-cell\" ><div id=\"panel-3319-1-0-0\" class=\"so-panel widget widget_sow-hero panel-first-child panel-last-child\" data-index=\"0\" ><div\n\t\t\t\n\t\t\tclass=\"so-widget-sow-hero so-widget-sow-hero-default-6e283e92799f-3319 so-widget-fittext-wrapper\"\n\t\t\t data-fit-text-compressor=\"0.85\"\n\t\t>\t\t\t\t<div class=\"sow-slider-base\" style=\"display: none\" tabindex=\"0\">\n\t\t\t\t\t<ul\n\t\t\t\t\tclass=\"sow-slider-images\"\n\t\t\t\t\tdata-settings=\"{&quot;pagination&quot;:true,&quot;speed&quot;:800,&quot;timeout&quot;:8000,&quot;paused&quot;:false,&quot;pause_on_hover&quot;:false,&quot;swipe&quot;:true,&quot;nav_always_show_desktop&quot;:&quot;&quot;,&quot;nav_always_show_mobile&quot;:&quot;&quot;,&quot;breakpoint&quot;:&quot;780px&quot;,&quot;unmute&quot;:false,&quot;anchor&quot;:null}\"\n\t\t\t\t\t\t\t\t\t\tdata-anchor-id=\"\"\n\t\t\t\t>\t\t<li class=\"sow-slider-image\" style=\"visibility: visible;;background-color: #333333\" >\n\t\t\t\t\t<div class=\"sow-slider-image-container\">\n\t\t\t<div class=\"sow-slider-image-wrapper\">\n\t\t\t\t<h1 style=\"text-align: center\">Mapa del sitio<\/h1>\n\t\t\t<\/div>\n\t\t<\/div>\n\t\t\t\t<\/li>\n\t\t<\/ul>\t\t\t\t<ol class=\"sow-slider-pagination\">\n\t\t\t\t\t\t\t\t\t\t\t<li><a href=\"#\" data-goto=\"0\" aria-label=\"mostrar diapositiva 1\"><\/a><\/li>\n\t\t\t\t\t\t\t\t\t<\/ol>\n\n\t\t\t\t<div class=\"sow-slide-nav sow-slide-nav-next\">\n\t\t\t\t\t<a href=\"#\" data-goto=\"next\" aria-label=\"diapositiva siguiente\" data-action=\"next\">\n\t\t\t\t\t\t<em class=\"sow-sld-icon-thin-right\"><\/em>\n\t\t\t\t\t<\/a>\n\t\t\t\t<\/div>\n\n\t\t\t\t<div class=\"sow-slide-nav sow-slide-nav-prev\">\n\t\t\t\t\t<a href=\"#\" data-goto=\"previous\" aria-label=\"diapositiva anterior\" data-action=\"prev\">\n\t\t\t\t\t\t<em class=\"sow-sld-icon-thin-left\"><\/em>\n\t\t\t\t\t<\/a>\n\t\t\t\t<\/div>\n\t\t\t\t<\/div><\/div><\/div><\/div><\/div><\/div><div id=\"pg-3319-2\"  class=\"panel-grid panel-has-style\" ><div class=\"siteorigin-panels-stretch panel-row-style panel-row-style-for-3319-2\" id=\"comite\" data-stretch-type=\"full\" ><div id=\"pgc-3319-2-0\"  class=\"panel-grid-cell\" ><div id=\"panel-3319-2-0-0\" class=\"so-panel widget widget_siteorigin-panels-builder panel-first-child panel-last-child\" data-index=\"1\" ><div id=\"pl-w67af7373c0e91\"  class=\"panel-layout\" ><div id=\"pg-w67af7373c0e91-0\"  class=\"panel-grid panel-no-style\" ><div id=\"pgc-w67af7373c0e91-0-0\"  class=\"panel-grid-cell\" ><div id=\"panel-w67af7373c0e91-0-0-0\" class=\"widget_text so-panel widget widget_custom_html panel-first-child panel-last-child\" data-index=\"0\" ><div class=\"textwidget custom-html-widget\"><style>\n        \/* Estilo general del mapa de sitio \n        .sitemap-container {\n            background-color: #f4f4f9;\n            padding: 20px;\n            font-family: Arial, sans-serif;\n            max-width: 1200px;\n            margin: 0 auto;\n        }*\/\n\n        h1 {\n            text-align: center;\n            font-size: 36px;\n            color: #333;\n            margin-bottom: 30px;\n            text-transform: uppercase;\n        }\n\n        .sitemap ul {\n            list-style-type: none;\n            padding-left: 0;\n        }\n\n        .sitemap li {\n            position: relative;\n            margin: 10px 0;\n        }\n\n        .sitemap a {\n            text-decoration: none;\n            color: #333;\n            font-size: 18px;\n            font-weight: bold;\n            display: block;\n            padding: 10px 15px;\n            border-radius: 5px;\n            transition: background-color 0.3s, color 0.3s;\n        }\n\n        .sitemap a:hover {\n            background-color: #007BFF;\n            color: white;\n        }\n\n        \/* Estilo para los subniveles *\/\n        .sitemap li > ul {\n            display: none;\n            margin-left: 20px;\n            padding-left: 20px;\n            border-left: 2px solid #ccc;\n        }\n\n        .sitemap li:hover > ul {\n            display: block;\n        }\n\n        .sitemap li > a:after {\n            content: \" \u25bc\";\n            font-size: 14px;\n            color: #888;\n            margin-left: 10px;\n            transition: transform 0.3s;\n        }\n\n        .sitemap li.open > a:after {\n            content: \" \u25b2\";\n            transform: rotate(180deg);\n        }\n\n        .sitemap li > ul li > a {\n            font-size: 16px;\n        }\n\n        .sitemap li > ul li > ul li > a {\n            font-size: 14px;\n        }\n\n        \/* Estilo de animaci\u00f3n *\/\n        .sitemap li > a {\n            position: relative;\n        }\n\n        .sitemap li > a::before {\n            content: '';\n            position: absolute;\n            top: 50%;\n            right: 0;\n            width: 5px;\n            height: 5px;\n            background-color: #007BFF;\n            border-radius: 50%;\n            transform: translateY(-50%) scale(0);\n            transition: transform 0.3s ease-in-out;\n        }\n\n        .sitemap li > a:hover::before {\n            transform: translateY(-50%) scale(1);\n        }\n    <\/style>\n\n<div class=\"sitemap-container\">\n    \n    <nav class=\"sitemap\">\n        <ul>\n            <li><a href=\"#\">\u00bfQui\u00e9nes Somos?<\/a>\n                <ul>\n                    <li><a href=\"https:\/\/uccap.net\/?page_id=2301\">Nuestra Historia<\/a><\/li>\n                    <li><a href=\"https:\/\/uccap.net\/?page_id=2514\">Pa\u00edses Miembros<\/a><\/li>\n                    <li><a href=\"https:\/\/uccap.net\/?page_id=2261#\">Liderazgo<\/a>\n                        <ul>\n                            <li><a href=\"https:\/\/uccap.net\/?page_id=2271\">Asamblea General<\/a><\/li>\n                            <li><a href=\"https:\/\/uccap.net\/?page_id=2274\">Junta Directiva y Direcci\u00f3n Ejecutiva<\/a><\/li>\n                            <li><a href=\"https:\/\/uccap.net\/?page_id=2278\">Comisiones Regionales<\/a><\/li>\n                        <\/ul>\n                    <\/li>\n                    <li><a href=\"https:\/\/uccap.net\/?page_id=2541\">Galer\u00eda<\/a><\/li>\n                <\/ul>\n            <\/li>\n            <li><a href=\"\/nosotros\">2do. Congreso Centroamericano<\/a>\n                <ul>\n                    <li><a href=\"https:\/\/uccap.net\/?page_id=242\">Informaci\u00f3n General<\/a><\/li>\n                    <li><a href=\"https:\/\/uccap.net\/?page_id=3176\">Comit\u00e9 Cient\u00edfico<\/a><\/li>\n                    <li><a href=\"https:\/\/uccap.net\/?page_id=3203\">Modalidades de Presentaci\u00f3n<\/a><\/li>\n                    <li><a href=\"https:\/\/uccap.net\/?page_id=3212\">Ejes Tem\u00e1ticos<\/a><\/li>\n                    <li><a href=\"https:\/\/uccap.net\/?page_id=3220\">Beneficios de Participar<\/a><\/li>\n                    <li><a href=\"https:\/\/uccap.net\/?page_id=2492\">Comit\u00e9 Log\u00edstico<\/a><\/li>\n                    <li><a href=\"https:\/\/uccap.net\/?page_id=248\">Costos y Formas de Pago<\/a><\/li>\n                <\/ul>\n            <\/li>\n            <li><a href=\"https:\/\/uccap.net\/?page_id=2479\">Noticias<\/a><\/li>\n            <li><a href=\"https:\/\/uccap.net\/?page_id=253\">Cont\u00e1ctanos<\/a><\/li>\n        <\/ul>\n    <\/nav>\n<\/div>\n<\/div><\/div><\/div><\/div><\/div><\/div><\/div><\/div><\/div><\/div>","protected":false},"excerpt":{"rendered":"<p>Mapa del sitio \u00bfQui\u00e9nes Somos? Nuestra Historia Pa\u00edses Miembros Liderazgo Asamblea General Junta Directiva y Direcci\u00f3n Ejecutiva Comisiones Regionales Galer\u00eda 2do. Congreso Centroamericano Informaci\u00f3n General Comit\u00e9 Cient\u00edfico Modalidades de Presentaci\u00f3n Ejes Tem\u00e1ticos Beneficios de Participar Comit\u00e9 Log\u00edstico Costos y Formas de Pago Noticias Cont\u00e1ctanos<\/p>\n","protected":false},"author":2,"featured_media":0,"parent":0,"menu_order":0,"comment_status":"closed","ping_status":"closed","template":"","meta":{"footnotes":""},"acf":[],"_links":{"self":[{"href":"https:\/\/uccap.net\/index.php?rest_route=\/wp\/v2\/pages\/3319"}],"collection":[{"href":"https:\/\/uccap.net\/index.php?rest_route=\/wp\/v2\/pages"}],"about":[{"href":"https:\/\/uccap.net\/index.php?rest_route=\/wp\/v2\/types\/page"}],"author":[{"embeddable":true,"href":"https:\/\/uccap.net\/index.php?rest_route=\/wp\/v2\/users\/2"}],"replies":[{"embeddable":true,"href":"https:\/\/uccap.net\/index.php?rest_route=%2Fwp%2Fv2%2Fcomments&post=3319"}],"version-history":[{"count":5,"href":"https:\/\/uccap.net\/index.php?rest_route=\/wp\/v2\/pages\/3319\/revisions"}],"predecessor-version":[{"id":3325,"href":"https:\/\/uccap.net\/index.php?rest_route=\/wp\/v2\/pages\/3319\/revisions\/3325"}],"wp:attachment":[{"href":"https:\/\/uccap.net\/index.php?rest_route=%2Fwp%2Fv2%2Fmedia&parent=3319"}],"curies":[{"name":"wp","href":"https:\/\/api.w.org\/{rel}","templated":true}]}}