{"id":3335,"date":"2025-02-19T14:29:04","date_gmt":"2025-02-19T14:29:04","guid":{"rendered":"https:\/\/uccap.net\/?page_id=3335"},"modified":"2025-02-19T14:29:04","modified_gmt":"2025-02-19T14:29:04","slug":"contacto","status":"publish","type":"page","link":"https:\/\/uccap.net\/?page_id=3335","title":{"rendered":"Contacto"},"content":{"rendered":"<div id=\"pl-3335\"  class=\"panel-layout\" ><div id=\"pg-3335-0\"  class=\"panel-grid panel-has-style\" ><div class=\"siteorigin-panels-stretch panel-row-style panel-row-style-for-3335-0\" data-stretch-type=\"full-stretched\" ><div id=\"pgc-3335-0-0\"  class=\"panel-grid-cell panel-grid-cell-empty\" ><\/div><\/div><\/div><div id=\"pg-3335-1\"  class=\"panel-grid panel-has-style\" ><div class=\"siteorigin-panels-stretch panel-row-style panel-row-style-for-3335-1\" data-stretch-type=\"full-stretched\" ><div id=\"pgc-3335-1-0\"  class=\"panel-grid-cell\" ><div id=\"panel-3335-1-0-0\" class=\"so-panel widget widget_sow-hero panel-first-child panel-last-child\" data-index=\"0\" ><div\n\t\t\t\n\t\t\tclass=\"so-widget-sow-hero so-widget-sow-hero-default-6e283e92799f-3335 so-widget-fittext-wrapper\"\n\t\t\t data-fit-text-compressor=\"0.85\"\n\t\t>\t\t\t\t<div class=\"sow-slider-base\" style=\"display: none\" tabindex=\"0\">\n\t\t\t\t\t<ul\n\t\t\t\t\tclass=\"sow-slider-images\"\n\t\t\t\t\tdata-settings=\"{&quot;pagination&quot;:true,&quot;speed&quot;:800,&quot;timeout&quot;:8000,&quot;paused&quot;:false,&quot;pause_on_hover&quot;:false,&quot;swipe&quot;:true,&quot;nav_always_show_desktop&quot;:&quot;&quot;,&quot;nav_always_show_mobile&quot;:&quot;&quot;,&quot;breakpoint&quot;:&quot;780px&quot;,&quot;unmute&quot;:false,&quot;anchor&quot;:null}\"\n\t\t\t\t\t\t\t\t\t\tdata-anchor-id=\"\"\n\t\t\t\t>\t\t<li class=\"sow-slider-image\" style=\"visibility: visible;;background-color: #333333\" >\n\t\t\t\t\t<div class=\"sow-slider-image-container\">\n\t\t\t<div class=\"sow-slider-image-wrapper\">\n\t\t\t\t<h1 style=\"text-align: center\">Contacto<\/h1>\n\t\t\t<\/div>\n\t\t<\/div>\n\t\t\t\t<\/li>\n\t\t<\/ul>\t\t\t\t<ol class=\"sow-slider-pagination\">\n\t\t\t\t\t\t\t\t\t\t\t<li><a href=\"#\" data-goto=\"0\" aria-label=\"mostrar diapositiva 1\"><\/a><\/li>\n\t\t\t\t\t\t\t\t\t<\/ol>\n\n\t\t\t\t<div class=\"sow-slide-nav sow-slide-nav-next\">\n\t\t\t\t\t<a href=\"#\" data-goto=\"next\" aria-label=\"diapositiva siguiente\" data-action=\"next\">\n\t\t\t\t\t\t<em class=\"sow-sld-icon-thin-right\"><\/em>\n\t\t\t\t\t<\/a>\n\t\t\t\t<\/div>\n\n\t\t\t\t<div class=\"sow-slide-nav sow-slide-nav-prev\">\n\t\t\t\t\t<a href=\"#\" data-goto=\"previous\" aria-label=\"diapositiva anterior\" data-action=\"prev\">\n\t\t\t\t\t\t<em class=\"sow-sld-icon-thin-left\"><\/em>\n\t\t\t\t\t<\/a>\n\t\t\t\t<\/div>\n\t\t\t\t<\/div><\/div><\/div><\/div><\/div><\/div><div id=\"pg-3335-2\"  class=\"panel-grid panel-has-style\" ><div class=\"siteorigin-panels-stretch panel-row-style panel-row-style-for-3335-2\" data-stretch-type=\"full\" ><div id=\"pgc-3335-2-0\"  class=\"panel-grid-cell\" ><div id=\"panel-3335-2-0-0\" class=\"so-panel widget widget_sow-editor panel-first-child panel-last-child\" data-index=\"1\" ><div\n\t\t\t\n\t\t\tclass=\"so-widget-sow-editor so-widget-sow-editor-base\"\n\t\t\t\n\t\t>\n<div class=\"siteorigin-widget-tinymce textwidget\">\n\t\n<div class=\"wpcf7 no-js\" id=\"wpcf7-f3233-o1\" lang=\"es-ES\" dir=\"ltr\">\n<div class=\"screen-reader-response\"><p role=\"status\" aria-live=\"polite\" aria-atomic=\"true\"><\/p> <ul><\/ul><\/div>\n<form action=\"\/index.php?rest_route=%2Fwp%2Fv2%2Fpages%2F3335#wpcf7-f3233-o1\" method=\"post\" class=\"wpcf7-form init wpcf7-acceptance-as-validation\" aria-label=\"Formulario de contacto\" novalidate=\"novalidate\" data-status=\"init\">\n<div style=\"display: none;\">\n<input type=\"hidden\" name=\"_wpcf7\" value=\"3233\" \/>\n<input type=\"hidden\" name=\"_wpcf7_version\" value=\"5.8\" \/>\n<input type=\"hidden\" name=\"_wpcf7_locale\" value=\"es_ES\" \/>\n<input type=\"hidden\" name=\"_wpcf7_unit_tag\" value=\"wpcf7-f3233-o1\" \/>\n<input type=\"hidden\" name=\"_wpcf7_container_post\" value=\"0\" \/>\n<input type=\"hidden\" name=\"_wpcf7_posted_data_hash\" value=\"\" \/>\n<input type=\"hidden\" name=\"_wpcf7cf_hidden_group_fields\" value=\"[]\" \/>\n<input type=\"hidden\" name=\"_wpcf7cf_hidden_groups\" value=\"[]\" \/>\n<input type=\"hidden\" name=\"_wpcf7cf_visible_groups\" value=\"[]\" \/>\n<input type=\"hidden\" name=\"_wpcf7cf_repeaters\" value=\"[]\" \/>\n<input type=\"hidden\" name=\"_wpcf7cf_steps\" value=\"{}\" \/>\n<input type=\"hidden\" name=\"_wpcf7cf_options\" value=\"{&quot;form_id&quot;:3233,&quot;conditions&quot;:[],&quot;settings&quot;:{&quot;animation&quot;:&quot;yes&quot;,&quot;animation_intime&quot;:200,&quot;animation_outtime&quot;:200,&quot;conditions_ui&quot;:&quot;normal&quot;,&quot;notice_dismissed&quot;:false}}\" \/>\n<input type=\"hidden\" name=\"_wpcf7_recaptcha_response\" value=\"\" \/>\n<\/div>\n<style>\n\n\/* Contenedor principal *\/\n.custom-form-container {\n max-width: 600px;\n background: #ffffff;\n padding: 20px;\n margin: 20px auto;\n border-radius: 8px;\n box-shadow: 0 0 10px rgba(0, 0, 0, 0.1);\n text-align: center;\n}\n\n\/* T\u00edtulos y texto *\/\n.custom-form-container h2 {\n font-size: 22px;\n font-weight: bold;\n color: #333;\n margin-bottom: 15px;\n}\n\n.custom-form-container p {\n font-size: 16px;\n color: #333;\n line-height: 1.5;\n text-align: justify;\n}\n\n\/* Campos de entrada y select *\/\n.custom-input, .custom-select {\n width: 100%;\n padding: 10px;\n margin-top: 5px;\n border: 1px solid #ccc;\n border-radius: 5px;\n font-size: 14px;\n}\n\n\/* Select espec\u00edfico *\/\n.custom-select {\n appearance: none;\n background: url('https:\/\/cdn-icons-png.flaticon.com\/512\/25\/25243.png') no-repeat right 10px center;\n background-size: 14px;\n padding-right: 30px;\n}\n\n\/* Aceptaci\u00f3n de t\u00e9rminos *\/\n.custom-acceptance {\n display: flex;\n align-items: flex-start;\n gap: 10px;\n margin-top: 15px;\n font-size: 14px;\n text-align: left;\n}\n\n.custom-checkbox {\n width: auto !important;\n margin-top: 4px;\n}\n\n.custom-submit {\n background-color: #007bff;\n color: white;\n border: none;\n padding: 12px;\n font-size: 16px;\n cursor: pointer;\n border-radius: 5px;\n width: 100%; \/* Esto asegura que el bot\u00f3n ocupe toda la fila *\/\n margin-top: 15px;\n text-transform: uppercase;\n transition: 0.3s;\n}\n\n\/* Efecto hover para el bot\u00f3n *\/\n.custom-submit:hover {\n background-color: #0056b3;\n}\n<\/style>\n<div class=\"custom-form-container\">\n\t<h2>Formulario de Registro\n\t<\/h2>\n\t<p>\u00bfTienes inter\u00e9s en participar en el II Congreso Centroamericano de Psicolog\u00eda y 10\u00b0 Congreso Costarricense de Psicolog\u00eda? \u00a1Nos encantar\u00eda brindarte m\u00e1s informaci\u00f3n!\n\t<\/p>\n\t<p>Hemos preparado un breve formulario donde podr\u00e1s registrar tus datos para recibir actualizaciones sobre el evento, detalles del programa, ejes tem\u00e1ticos, inscripciones y mucho m\u00e1s. Nuestro equipo estar\u00e1 encantado de resolver tus consultas y asegurarse de que formes parte de esta experiencia \u00fanica.\n\t<\/p>\n\t<p>Completa el formulario y mantente informado sobre todo lo que este congreso tiene para ofrecerte.\n\t<\/p>\n\t<form>\n\t\t<p><label for=\"name\">Nombre completo:<\/label><br \/>\n<span class=\"wpcf7-form-control-wrap\" data-name=\"Nombre\"><input size=\"40\" class=\"wpcf7-form-control wpcf7-text wpcf7-validates-as-required custom-input\" aria-required=\"true\" aria-invalid=\"false\" value=\"\" type=\"text\" name=\"Nombre\" \/><\/span>\n\t\t<\/p>\n\t\t<p><label for=\"profession\">Soy:<\/label><br \/>\n<span class=\"wpcf7-form-control-wrap\" data-name=\"tipoUsuario\"><select class=\"wpcf7-form-control wpcf7-select wpcf7-validates-as-required custom-select\" aria-required=\"true\" aria-invalid=\"false\" name=\"tipoUsuario\"><option value=\"\">&#8212;Por favor, elige una opci\u00f3n&#8212;<\/option><option value=\"Profesional en Psicolog\u00eda Activo(a)\">Profesional en Psicolog\u00eda Activo(a)<\/option><option value=\"Profesional en Psicolog\u00eda Jubilado(a)\">Profesional en Psicolog\u00eda Jubilado(a)<\/option><option value=\"Estudiante\">Estudiante<\/option><\/select><\/span>\n\t\t<\/p>\n\t\t<p><label for=\"country\">Pa\u00eds:<\/label><br \/>\n<span class=\"wpcf7-form-control-wrap\" data-name=\"Pais\"><input size=\"40\" class=\"wpcf7-form-control wpcf7-text wpcf7-validates-as-required custom-input\" aria-required=\"true\" aria-invalid=\"false\" value=\"\" type=\"text\" name=\"Pais\" \/><\/span>\n\t\t<\/p>\n\t\t<p><label for=\"email\">Correo electr\u00f3nico:<\/label><br \/>\n<span class=\"wpcf7-form-control-wrap\" data-name=\"correo\"><input size=\"40\" class=\"wpcf7-form-control wpcf7-email wpcf7-validates-as-required wpcf7-text wpcf7-validates-as-email custom-input\" aria-required=\"true\" aria-invalid=\"false\" value=\"\" type=\"email\" name=\"correo\" \/><\/span>\n\t\t<\/p>\n\t\t<p><label for=\"whatsapp\">WhatsApp (Favor incluir c\u00f3digo de \u00e1rea de su pa\u00eds):<\/label><br \/>\n<span class=\"wpcf7-form-control-wrap\" data-name=\"whatsapp\"><input size=\"40\" class=\"wpcf7-form-control wpcf7-text wpcf7-validates-as-required custom-input\" aria-required=\"true\" aria-invalid=\"false\" value=\"\" type=\"text\" name=\"whatsapp\" \/><\/span>\n\t\t<\/p>\n\t\t<div class=\"custom-acceptance\">\n\t\t\t<p><span class=\"wpcf7-form-control-wrap\" data-name=\"Acepto\"><span class=\"wpcf7-form-control wpcf7-acceptance\"><span class=\"wpcf7-list-item\"><label><input type=\"checkbox\" name=\"Acepto\" value=\"1\" class=\"custom-checkbox\" aria-invalid=\"false\" \/><span class=\"wpcf7-list-item-label\"><span>Al dar clic en \"Enviar\", autorizo al Comit\u00e9 Organizador del II Congreso Centroamericano de Psicolog\u00eda & 10\u00b0 Congreso Costarricense de Psicolog\u00eda a utilizar los datos proporcionados exclusivamente para fines relacionados con este evento. Esto incluye contactarme a trav\u00e9s de los medios facilitados para brindarme informaci\u00f3n, actualizaciones y otros detalles relevantes del congreso. Mis datos ser\u00e1n tratados conforme a las pol\u00edticas de privacidad aplicables.<\/span><\/span><\/label><\/span><\/span><\/span>\n\t\t\t<\/p>\n\t\t<\/div>\n\t\t<p><input class=\"wpcf7-form-control wpcf7-submit has-spinner\" type=\"submit\" value=\"Enviar\" \/>\n\t\t<\/p>\n\t<\/form>\n<\/div><div class=\"wpcf7-response-output\" aria-hidden=\"true\"><\/div>\n<\/form>\n<\/div>\n\n<\/div>\n<\/div><\/div><\/div><\/div><\/div><\/div>","protected":false},"excerpt":{"rendered":"<p>Contacto Formulario de Registro \u00bfTienes inter\u00e9s en participar en el II Congreso Centroamericano de Psicolog\u00eda y 10\u00b0 Congreso Costarricense de Psicolog\u00eda? \u00a1Nos encantar\u00eda brindarte m\u00e1s informaci\u00f3n! Hemos preparado un breve formulario donde podr\u00e1s registrar tus datos para recibir actualizaciones sobre el evento, detalles del programa, ejes tem\u00e1ticos, inscripciones y mucho m\u00e1s. Nuestro equipo estar\u00e1 encantado [&hellip;]<\/p>\n","protected":false},"author":2,"featured_media":0,"parent":0,"menu_order":0,"comment_status":"closed","ping_status":"closed","template":"","meta":{"footnotes":""},"acf":[],"_links":{"self":[{"href":"https:\/\/uccap.net\/index.php?rest_route=\/wp\/v2\/pages\/3335"}],"collection":[{"href":"https:\/\/uccap.net\/index.php?rest_route=\/wp\/v2\/pages"}],"about":[{"href":"https:\/\/uccap.net\/index.php?rest_route=\/wp\/v2\/types\/page"}],"author":[{"embeddable":true,"href":"https:\/\/uccap.net\/index.php?rest_route=\/wp\/v2\/users\/2"}],"replies":[{"embeddable":true,"href":"https:\/\/uccap.net\/index.php?rest_route=%2Fwp%2Fv2%2Fcomments&post=3335"}],"version-history":[{"count":3,"href":"https:\/\/uccap.net\/index.php?rest_route=\/wp\/v2\/pages\/3335\/revisions"}],"predecessor-version":[{"id":3338,"href":"https:\/\/uccap.net\/index.php?rest_route=\/wp\/v2\/pages\/3335\/revisions\/3338"}],"wp:attachment":[{"href":"https:\/\/uccap.net\/index.php?rest_route=%2Fwp%2Fv2%2Fmedia&parent=3335"}],"curies":[{"name":"wp","href":"https:\/\/api.w.org\/{rel}","templated":true}]}}